{"id":1850,"date":"2023-10-25T11:50:06","date_gmt":"2023-10-25T09:50:06","guid":{"rendered":"https:\/\/baltazarbudapest.com\/amenities\/"},"modified":"2024-12-02T14:41:09","modified_gmt":"2024-12-02T13:41:09","slug":"felszereltseg","status":"publish","type":"page","link":"https:\/\/baltazarbudapest.com\/hu\/felszereltseg\/","title":{"rendered":"Felszerelts\u00e9g"},"content":{"rendered":"<p>[et_pb_section fb_built=&#8221;1&#8243; admin_label=&#8221;Nyit\u00f3szakasz + hi-main-right&#8221; module_id=&#8221;hi-main&#8221; module_class=&#8221;hi-main-right&#8221; _builder_version=&#8221;4.22.2&#8243; _module_preset=&#8221;default&#8221; collapsed=&#8221;off&#8221; global_colors_info=&#8221;{}&#8221;][et_pb_row column_structure=&#8221;1_2,1_2&#8243; make_equal=&#8221;on&#8221; _builder_version=&#8221;4.22.2&#8243; _module_preset=&#8221;default&#8221; custom_margin=&#8221;0px|0px|0px|0px|false|false&#8221; custom_padding=&#8221;0px|0px|0px|0px|false|false&#8221; global_colors_info=&#8221;{}&#8221;][et_pb_column type=&#8221;1_2&#8243; _builder_version=&#8221;4.22.2&#8243; _module_preset=&#8221;default&#8221; global_colors_info=&#8221;{}&#8221;][et_pb_slider module_class=&#8221;hi-lapozo&#8221; _builder_version=&#8221;4.24.2&#8243; _module_preset=&#8221;default&#8221; animation_style=&#8221;slide&#8221; saved_tabs=&#8221;all&#8221; global_colors_info=&#8221;{}&#8221;][et_pb_slide image=&#8221;https:\/\/baltazarbudapest.com\/wp-content\/uploads\/2024\/10\/historic-district-hotel-budapest-1-scaled.jpg&#8221; admin_title=&#8221;francia\u00e1gyas szoba&#8221; _builder_version=&#8221;4.24.2&#8243; _module_preset=&#8221;default&#8221; global_colors_info=&#8221;{}&#8221; sticky_transition=&#8221;on&#8221;][\/et_pb_slide][et_pb_slide image=&#8221;https:\/\/baltazarbudapest.com\/wp-content\/uploads\/2024\/10\/boutique-hotel-budapest-3-scaled.jpg&#8221; _builder_version=&#8221;4.24.2&#8243; _module_preset=&#8221;default&#8221; global_colors_info=&#8221;{}&#8221; sticky_transition=&#8221;on&#8221;][\/et_pb_slide][\/et_pb_slider][\/et_pb_column][et_pb_column type=&#8221;1_2&#8243; _builder_version=&#8221;4.22.2&#8243; _module_preset=&#8221;default&#8221; global_colors_info=&#8221;{}&#8221;][et_pb_text module_id=&#8221;hi-maintext&#8221; _builder_version=&#8221;4.27.3&#8243; _module_preset=&#8221;default&#8221; text_font=&#8221;BebasNeueBook||||||||&#8221; header_font=&#8221;GeometricSlabserif||||||||&#8221; header_2_font=&#8221;GeometricSlabserif||||||||&#8221; header_3_font=&#8221;BebasNeueBook||||||||&#8221; background_image=&#8221;https:\/\/baltazarbudapest.com\/wp-content\/uploads\/2023\/10\/baltazar-logo-in-text.png&#8221; global_colors_info=&#8221;{}&#8221;]<\/p>\n<h2>Felszerelts\u00e9g<\/h2>\n<ul>\n<li><a href=\"https:\/\/baltazarbudapest.com\/rooms-and-suites\/\">Szob\u00e1k &amp; Lakoszt\u00e1lyok<\/a><\/li>\n<li><strong><a href=\"https:\/\/baltazarbudapest.com\/hu\/amenities\/\">Felszerelts\u00e9g<\/a><\/strong><\/li>\n<\/ul>\n<p>[\/et_pb_text][\/et_pb_column][\/et_pb_row][\/et_pb_section][et_pb_section fb_built=&#8221;1&#8243; admin_label=&#8221;Fejl\u00e9c alatti sz\u00f6veg&#8221; module_id=&#8221;main-textbox&#8221; module_class=&#8221;hi-textbox&#8221; _builder_version=&#8221;4.22.2&#8243; _module_preset=&#8221;default&#8221; collapsed=&#8221;off&#8221; global_colors_info=&#8221;{}&#8221;][et_pb_row _builder_version=&#8221;4.22.2&#8243; _module_preset=&#8221;default&#8221; collapsed=&#8221;off&#8221; global_colors_info=&#8221;{}&#8221;][et_pb_column type=&#8221;4_4&#8243; _builder_version=&#8221;4.22.2&#8243; _module_preset=&#8221;default&#8221; global_colors_info=&#8221;{}&#8221;][et_pb_text admin_label=&#8221;Lorem ipsum dolor sit amet, consectetur adipiscing elit.&#8221; _builder_version=&#8221;4.27.3&#8243; _module_preset=&#8221;default&#8221; global_colors_info=&#8221;{}&#8221;]<\/p>\n<h2>Egyedi k\u00e9nyelmi szolg\u00e1ltat\u00e1sok, amelyek csak R\u00e1d szabottak<\/h2>\n<h2>Gondoskodunk r\u00f3la, hogy az itt t\u00f6lt\u00f6tt id\u0151 felejthetetlen \u00e9lm\u00e9ny legyen<\/h2>\n<p>[\/et_pb_text][\/et_pb_column][\/et_pb_row][\/et_pb_section][et_pb_section fb_built=&#8221;1&#8243; admin_label=&#8221;Nagyk\u00e9p\u0171 lapoz\u00f3&#8221; module_class=&#8221;hi-lapozo-hordozo&#8221; _builder_version=&#8221;4.22.2&#8243; _module_preset=&#8221;default&#8221; collapsed=&#8221;off&#8221; global_colors_info=&#8221;{}&#8221;][et_pb_row _builder_version=&#8221;4.22.2&#8243; _module_preset=&#8221;default&#8221; global_colors_info=&#8221;{}&#8221;][et_pb_column type=&#8221;4_4&#8243; _builder_version=&#8221;4.22.2&#8243; _module_preset=&#8221;default&#8221; global_colors_info=&#8221;{}&#8221;][et_pb_text admin_label=&#8221;Sz\u00f6veg &#8211; ROOMS &#038; SUITES&#8221; _builder_version=&#8221;4.27.3&#8243; _module_preset=&#8221;default&#8221; global_colors_info=&#8221;{}&#8221;]<\/p>\n<h2>K\u00e9nyelmes<br \/>pihen\u00e9s<\/h2>\n<h3>King-size \u00e1gy (180&#215;200 cm)<br \/>Kiv\u00e1l\u00f3 min\u0151s\u00e9g\u0171 pamut \u00e1gynem\u0171<br \/>Pehelypaplan \u00e9s p\u00e1rn\u00e1k \u2013 k\u00e9r\u00e9sre allergiamentes v\u00e1ltozatra cser\u00e9lhet\u0151<\/h3>\n<p>[\/et_pb_text][et_pb_slider module_class=&#8221;hi-lapozo&#8221; _builder_version=&#8221;4.24.2&#8243; _module_preset=&#8221;default&#8221; animation_style=&#8221;slide&#8221; saved_tabs=&#8221;all&#8221; global_colors_info=&#8221;{}&#8221;][et_pb_slide image=&#8221;https:\/\/baltazarbudapest.com\/wp-content\/uploads\/2024\/10\/boutique-hotel-budapest-4-scaled.jpg&#8221; admin_title=&#8221;francia\u00e1gyas szoba&#8221; _builder_version=&#8221;4.24.2&#8243; _module_preset=&#8221;default&#8221; global_colors_info=&#8221;{}&#8221; sticky_transition=&#8221;on&#8221;][\/et_pb_slide][et_pb_slide image=&#8221;https:\/\/baltazarbudapest.com\/wp-content\/uploads\/2024\/10\/unique-design-rooms-budapest-hotel-scaled.jpg&#8221; admin_title=&#8221;vil\u00e1gos szoba&#8221; _builder_version=&#8221;4.24.2&#8243; _module_preset=&#8221;default&#8221; global_colors_info=&#8221;{}&#8221; sticky_transition=&#8221;on&#8221;][\/et_pb_slide][\/et_pb_slider][\/et_pb_column][\/et_pb_row][\/et_pb_section][et_pb_section fb_built=&#8221;1&#8243; admin_label=&#8221;Nagyk\u00e9p\u0171 lapoz\u00f3 + hi-lapozo-hordozo-right&#8221; module_class=&#8221;hi-lapozo-hordozo hi-lapozo-hordozo-right&#8221; _builder_version=&#8221;4.22.2&#8243; _module_preset=&#8221;default&#8221; collapsed=&#8221;off&#8221; global_colors_info=&#8221;{}&#8221;][et_pb_row _builder_version=&#8221;4.22.2&#8243; _module_preset=&#8221;default&#8221; collapsed=&#8221;off&#8221; global_colors_info=&#8221;{}&#8221;][et_pb_column type=&#8221;4_4&#8243; _builder_version=&#8221;4.22.2&#8243; _module_preset=&#8221;default&#8221; global_colors_info=&#8221;{}&#8221;][et_pb_text admin_label=&#8221;Sz\u00f6veg &#8211; ROOMS &#038; SUITES&#8221; _builder_version=&#8221;4.27.3&#8243; _module_preset=&#8221;default&#8221; global_colors_info=&#8221;{}&#8221;]<\/p>\n<h2>MINDEN \u00d6NR\u0150L SZ\u00d3L<\/h2>\n<h3>Mer\u00fclj\u00f6n el a Hans Grohe es\u0151zuhany \u00e9s f\u00fcrd\u0151k\u00e1d \u00e1ltal ny\u00fajtott p\u00e1ratlan f\u00fcrd\u0151\u00e9lm\u00e9nyben, amelyet k\u00e9zzel k\u00e9sz\u00edtett helyi m\u00e9szk\u0151 burkolat vesz k\u00f6r\u00fcl.<br \/>F\u00fcrd\u00e9s ut\u00e1n burkol\u00f3zzon puha f\u00fcrd\u0151k\u00f6penybe \u00e9s t\u00f6r\u00f6lk\u00f6z\u0151be, \u00e9s \u00e9lvezze a francia L\u2019Occitane bio b\u0151r\u00e1pol\u00f3inak luxus\u00e1t, amelyek t\u00f6k\u00e9letesen felfriss\u00edtik \u00e9s meg\u00faj\u00edtj\u00e1k.<\/h3>\n<p>[\/et_pb_text][et_pb_slider module_class=&#8221;hi-lapozo&#8221; _builder_version=&#8221;4.24.2&#8243; _module_preset=&#8221;default&#8221; animation_style=&#8221;slide&#8221; saved_tabs=&#8221;all&#8221; global_colors_info=&#8221;{}&#8221;][et_pb_slide image=&#8221;https:\/\/baltazarbudapest.com\/wp-content\/uploads\/2024\/10\/family-friendly-hotel-budapest-1-scaled.jpg&#8221; admin_title=&#8221;s\u00f6t\u00e9t szoba&#8221; _builder_version=&#8221;4.24.2&#8243; _module_preset=&#8221;default&#8221; global_colors_info=&#8221;{}&#8221; sticky_transition=&#8221;on&#8221;][\/et_pb_slide][et_pb_slide image=&#8221;https:\/\/baltazarbudapest.com\/wp-content\/uploads\/2024\/10\/exclusive-hotel-amenities-budapest-3-scaled.jpg&#8221; admin_title=&#8221;francia\u00e1gyas szoba&#8221; _builder_version=&#8221;4.24.2&#8243; _module_preset=&#8221;default&#8221; global_colors_info=&#8221;{}&#8221; sticky_transition=&#8221;on&#8221;][\/et_pb_slide][et_pb_slide image=&#8221;https:\/\/baltazarbudapest.com\/wp-content\/uploads\/2024\/10\/green-hotel-amenities-budapest-scaled.jpg&#8221; admin_title=&#8221;francia\u00e1gyas szoba&#8221; _builder_version=&#8221;4.24.2&#8243; _module_preset=&#8221;default&#8221; global_colors_info=&#8221;{}&#8221; sticky_transition=&#8221;on&#8221;][\/et_pb_slide][et_pb_slide image=&#8221;https:\/\/baltazarbudapest.com\/wp-content\/uploads\/2024\/10\/high-end-boutique-stay-budapest-scaled.jpg&#8221; admin_title=&#8221;francia\u00e1gyas szoba&#8221; _builder_version=&#8221;4.24.2&#8243; _module_preset=&#8221;default&#8221; global_colors_info=&#8221;{}&#8221; sticky_transition=&#8221;on&#8221;][\/et_pb_slide][\/et_pb_slider][\/et_pb_column][\/et_pb_row][\/et_pb_section][et_pb_section fb_built=&#8221;1&#8243; admin_label=&#8221;Nagyk\u00e9p\u0171 lapoz\u00f3&#8221; module_class=&#8221;hi-lapozo-hordozo&#8221; _builder_version=&#8221;4.22.2&#8243; _module_preset=&#8221;default&#8221; collapsed=&#8221;off&#8221; global_colors_info=&#8221;{}&#8221;][et_pb_row _builder_version=&#8221;4.22.2&#8243; _module_preset=&#8221;default&#8221; global_colors_info=&#8221;{}&#8221;][et_pb_column type=&#8221;4_4&#8243; _builder_version=&#8221;4.22.2&#8243; _module_preset=&#8221;default&#8221; global_colors_info=&#8221;{}&#8221;][et_pb_text admin_label=&#8221;Sz\u00f6veg &#8211; ROOMS &#038; SUITES&#8221; _builder_version=&#8221;4.27.3&#8243; _module_preset=&#8221;default&#8221; global_colors_info=&#8221;{}&#8221;]<\/p>\n<h2>A KREATIVIT\u00c1S \u00c9S K\u00cdV\u00c1NCSIS\u00c1G SZERELMESEINEK<\/h2>\n<h3>A Baltaz\u00e1r Hotel mened\u00e9k azok sz\u00e1m\u00e1ra, akik rajonganak a m\u0171v\u00e9szet\u00e9rt, a design\u00e9rt \u00e9s a felfedez\u00e9s\u00e9rt.<br \/>Minden szoba egyedi t\u00f6rt\u00e9netet mes\u00e9l el, id\u0151tlen b\u00e1jt k\u00f6lcs\u00f6n\u00f6zve olyan ikonikus remekm\u0171vekkel, mint a Gy\u00f6ngyf\u00fclbeval\u00f3s l\u00e1ny.<br \/>Itt a kreativit\u00e1s tal\u00e1lkozik a k\u00e9nyelemmel, egy inspir\u00e1l\u00f3 l\u00e9gk\u00f6rben.<\/h3>\n<p>[\/et_pb_text][et_pb_slider module_class=&#8221;hi-lapozo&#8221; _builder_version=&#8221;4.24.2&#8243; _module_preset=&#8221;default&#8221; animation_style=&#8221;slide&#8221; saved_tabs=&#8221;all&#8221; global_colors_info=&#8221;{}&#8221;][et_pb_slide image=&#8221;https:\/\/baltazarbudapest.com\/wp-content\/uploads\/2024\/10\/top-rated-hotel-budapest-1-scaled.jpg&#8221; admin_title=&#8221;francia\u00e1gyas szoba&#8221; _builder_version=&#8221;4.24.2&#8243; _module_preset=&#8221;default&#8221; global_colors_info=&#8221;{}&#8221; sticky_transition=&#8221;on&#8221;][\/et_pb_slide][et_pb_slide image=&#8221;https:\/\/baltazarbudapest.com\/wp-content\/uploads\/2024\/10\/luxury-lifestyle-hotel-budapest-3-scaled.jpg&#8221; admin_title=&#8221;vil\u00e1gos szoba&#8221; _builder_version=&#8221;4.24.2&#8243; _module_preset=&#8221;default&#8221; global_colors_info=&#8221;{}&#8221; sticky_transition=&#8221;on&#8221;][\/et_pb_slide][et_pb_slide image=&#8221;https:\/\/baltazarbudapest.com\/wp-content\/uploads\/2024\/10\/boutique-hotel-heart-buda-castle-scaled.jpg&#8221; admin_title=&#8221;vil\u00e1gos szoba&#8221; _builder_version=&#8221;4.24.2&#8243; _module_preset=&#8221;default&#8221; global_colors_info=&#8221;{}&#8221; sticky_transition=&#8221;on&#8221;][\/et_pb_slide][et_pb_slide image=&#8221;https:\/\/baltazarbudapest.com\/wp-content\/uploads\/2024\/10\/memorable-boutique-stay-budapest-2-scaled.jpg&#8221; admin_title=&#8221;vil\u00e1gos szoba&#8221; _builder_version=&#8221;4.24.2&#8243; _module_preset=&#8221;default&#8221; global_colors_info=&#8221;{}&#8221; sticky_transition=&#8221;on&#8221;][\/et_pb_slide][\/et_pb_slider][\/et_pb_column][\/et_pb_row][\/et_pb_section][et_pb_section fb_built=&#8221;1&#8243; admin_label=&#8221;NEON &#8211; Stay with us&#8221; module_class=&#8221;hi-sixbox&#8221; _builder_version=&#8221;4.27.3&#8243; _module_preset=&#8221;default&#8221; background_image=&#8221;https:\/\/baltazarbudapest.com\/wp-content\/uploads\/2023\/10\/doggies.png&#8221; collapsed=&#8221;off&#8221; global_colors_info=&#8221;{}&#8221;][et_pb_row admin_label=&#8221;hi-sixboxtop&#8221; module_class=&#8221;hi-sixboxtop&#8221; _builder_version=&#8221;4.27.3&#8243; _module_preset=&#8221;default&#8221; collapsed=&#8221;off&#8221; global_colors_info=&#8221;{}&#8221;][et_pb_column type=&#8221;4_4&#8243; _builder_version=&#8221;4.22.2&#8243; _module_preset=&#8221;default&#8221; global_colors_info=&#8221;{}&#8221;][et_pb_text admin_label=&#8221;Title&#8221; module_class=&#8221;hi-sixbox-title&#8221; _builder_version=&#8221;4.27.3&#8243; _module_preset=&#8221;default&#8221; text_font=&#8221;BaligScript||||||||&#8221; global_colors_info=&#8221;{}&#8221;]<\/p>\n<h2>Stay with us<\/h2>\n<p>[\/et_pb_text][et_pb_button button_text=&#8221;H\u00edrek&#8221; admin_label=&#8221;H\u00edrek gomb &#8211; glob\u00e1lis&#8221; module_class=&#8221;hi-button&#8221; _builder_version=&#8221;4.27.3&#8243; _module_preset=&#8221;default&#8221; saved_tabs=&#8221;all&#8221; global_colors_info=&#8221;{}&#8221; global_module=&#8221;1958&#8243; theme_builder_area=&#8221;post_content&#8221;][\/et_pb_button][\/et_pb_column][\/et_pb_row][et_pb_row column_structure=&#8221;1_6,1_6,1_6,1_6,1_6,1_6&#8243; disabled_on=&#8221;on|on|on&#8221; admin_label=&#8221;hi-sixbox-images&#8221; module_class=&#8221;hi-sixbox-images&#8221; _builder_version=&#8221;4.22.2&#8243; _module_preset=&#8221;default&#8221; disabled=&#8221;on&#8221; collapsed=&#8221;on&#8221; global_colors_info=&#8221;{}&#8221;][et_pb_column type=&#8221;1_6&#8243; _builder_version=&#8221;4.22.2&#8243; _module_preset=&#8221;default&#8221; global_colors_info=&#8221;{}&#8221;][et_pb_image src=&#8221;https:\/\/baltazarbudapest.com\/wp-content\/uploads\/2023\/10\/6box-forbes-1.png&#8221; title_text=&#8221;6box-forbes&#8221; url=&#8221;https:\/\/www.forbes.hu&#8221; url_new_window=&#8221;on&#8221; _builder_version=&#8221;4.22.2&#8243; _module_preset=&#8221;default&#8221; global_colors_info=&#8221;{}&#8221;][\/et_pb_image][\/et_pb_column][et_pb_column type=&#8221;1_6&#8243; _builder_version=&#8221;4.22.2&#8243; _module_preset=&#8221;default&#8221; global_colors_info=&#8221;{}&#8221;][et_pb_image src=&#8221;https:\/\/baltazarbudapest.com\/wp-content\/uploads\/2023\/10\/6box-michelin-guide-1.png&#8221; title_text=&#8221;6box-michelin-guide&#8221; url=&#8221;https:\/\/guide.michelin.com\/en\/hu\/central-hungary\/budapest\/&#8221; url_new_window=&#8221;on&#8221; _builder_version=&#8221;4.22.2&#8243; _module_preset=&#8221;default&#8221; global_colors_info=&#8221;{}&#8221;][\/et_pb_image][\/et_pb_column][et_pb_column type=&#8221;1_6&#8243; _builder_version=&#8221;4.22.2&#8243; _module_preset=&#8221;default&#8221; global_colors_info=&#8221;{}&#8221;][et_pb_image src=&#8221;https:\/\/baltazarbudapest.com\/wp-content\/uploads\/2023\/10\/6box-designboom-1.png&#8221; title_text=&#8221;6box-designboom&#8221; url=&#8221;https:\/\/www.designboom.com\/tag\/architecture-in-hungary\/&#8221; url_new_window=&#8221;on&#8221; _builder_version=&#8221;4.22.2&#8243; _module_preset=&#8221;default&#8221; global_colors_info=&#8221;{}&#8221;][\/et_pb_image][\/et_pb_column][et_pb_column type=&#8221;1_6&#8243; _builder_version=&#8221;4.22.2&#8243; _module_preset=&#8221;default&#8221; global_colors_info=&#8221;{}&#8221;][et_pb_image src=&#8221;https:\/\/baltazarbudapest.com\/wp-content\/uploads\/2023\/10\/6box-tripadvisor-1.png&#8221; title_text=&#8221;6box-tripadvisor&#8221; url=&#8221;https:\/\/www.tripadvisor.com\/Tourism-g274887-Budapest_Central_Hungary-Vacations.html&#8221; url_new_window=&#8221;on&#8221; _builder_version=&#8221;4.22.2&#8243; _module_preset=&#8221;default&#8221; global_colors_info=&#8221;{}&#8221;][\/et_pb_image][\/et_pb_column][et_pb_column type=&#8221;1_6&#8243; _builder_version=&#8221;4.22.2&#8243; _module_preset=&#8221;default&#8221; global_colors_info=&#8221;{}&#8221;][et_pb_image src=&#8221;https:\/\/baltazarbudapest.com\/wp-content\/uploads\/2023\/10\/6box-vogue-1.png&#8221; title_text=&#8221;6box-vogue&#8221; url=&#8221;https:\/\/www.vogue.com\/magazine&#8221; url_new_window=&#8221;on&#8221; _builder_version=&#8221;4.22.2&#8243; _module_preset=&#8221;default&#8221; global_colors_info=&#8221;{}&#8221;][\/et_pb_image][\/et_pb_column][et_pb_column type=&#8221;1_6&#8243; _builder_version=&#8221;4.22.2&#8243; _module_preset=&#8221;default&#8221; global_colors_info=&#8221;{}&#8221;][et_pb_image src=&#8221;https:\/\/baltazarbudapest.com\/wp-content\/uploads\/2023\/10\/6box-wallpaper-1.png&#8221; title_text=&#8221;6box-wallpaper&#8221; url=&#8221;https:\/\/www.wallpaper.com\/&#8221; url_new_window=&#8221;on&#8221; _builder_version=&#8221;4.22.2&#8243; _module_preset=&#8221;default&#8221; global_colors_info=&#8221;{}&#8221;][\/et_pb_image][\/et_pb_column][\/et_pb_row][\/et_pb_section]<\/p>\n","protected":false},"excerpt":{"rendered":"<p>Felszerelts\u00e9g Szob\u00e1k &amp; Lakoszt\u00e1lyok Felszerelts\u00e9g Egyedi k\u00e9nyelmi szolg\u00e1ltat\u00e1sok, amelyek csak R\u00e1d szabottak Gondoskodunk r\u00f3la, hogy az itt t\u00f6lt\u00f6tt id\u0151 felejthetetlen \u00e9lm\u00e9ny legyenK\u00e9nyelmespihen\u00e9s King-size \u00e1gy (180&#215;200 cm)Kiv\u00e1l\u00f3 min\u0151s\u00e9g\u0171 pamut \u00e1gynem\u0171Pehelypaplan \u00e9s p\u00e1rn\u00e1k \u2013 k\u00e9r\u00e9sre allergiamentes v\u00e1ltozatra cser\u00e9lhet\u0151MINDEN \u00d6NR\u0150L SZ\u00d3L Mer\u00fclj\u00f6n el a Hans Grohe es\u0151zuhany \u00e9s f\u00fcrd\u0151k\u00e1d \u00e1ltal ny\u00fajtott p\u00e1ratlan f\u00fcrd\u0151\u00e9lm\u00e9nyben, amelyet k\u00e9zzel k\u00e9sz\u00edtett helyi m\u00e9szk\u0151 burkolat vesz k\u00f6r\u00fcl.F\u00fcrd\u00e9s ut\u00e1n burkol\u00f3zzon puha f\u00fcrd\u0151k\u00f6penybe \u00e9s t\u00f6r\u00f6lk\u00f6z\u0151be, \u00e9s \u00e9lvezze a francia L\u2019Occitane bio b\u0151r\u00e1pol\u00f3inak luxus\u00e1t, amelyek t\u00f6k\u00e9letesen felfriss\u00edtik \u00e9s meg\u00faj\u00edtj\u00e1k.A KREATIVIT\u00c1S \u00c9S K\u00cdV\u00c1NCSIS\u00c1G SZERELMESEINEK A Baltaz\u00e1r Hotel mened\u00e9k azok sz\u00e1m\u00e1ra, akik rajonganak a m\u0171v\u00e9szet\u00e9rt, a design\u00e9rt \u00e9s a felfedez\u00e9s\u00e9rt.Minden szoba egyedi t\u00f6rt\u00e9netet mes\u00e9l el, id\u0151tlen b\u00e1jt k\u00f6lcs\u00f6n\u00f6zve olyan ikonikus remekm\u0171vekkel, mint a Gy\u00f6ngyf\u00fclbeval\u00f3s l\u00e1ny.Itt a kreativit\u00e1s tal\u00e1lkozik a k\u00e9nyelemmel, egy inspir\u00e1l\u00f3 l\u00e9gk\u00f6rben.Stay with us<\/p>\n","protected":false},"author":1,"featured_media":0,"parent":0,"menu_order":0,"comment_status":"closed","ping_status":"closed","template":"","meta":{"_acf_changed":false,"_et_pb_use_builder":"on","_et_pb_old_content":"","_et_gb_content_width":"","footnotes":""},"class_list":["post-1850","page","type-page","status-publish","hentry"],"acf":[],"yoast_head":"<!-- This site is optimized with the Yoast SEO plugin v27.3 - https:\/\/yoast.com\/product\/yoast-seo-wordpress\/ -->\n<title>Felszerelts\u00e9g - Balthazar Hotel<\/title>\n<meta name=\"robots\" content=\"index, follow, max-snippet:-1, max-image-preview:large, max-video-preview:-1\" \/>\n<link rel=\"canonical\" href=\"https:\/\/baltazarbudapest.com\/hu\/felszereltseg\/\" \/>\n<meta property=\"og:locale\" content=\"hu_HU\" \/>\n<meta property=\"og:type\" content=\"article\" \/>\n<meta property=\"og:title\" content=\"Felszerelts\u00e9g - Balthazar Hotel\" \/>\n<meta property=\"og:description\" content=\"Felszerelts\u00e9g Szob\u00e1k &amp; Lakoszt\u00e1lyok Felszerelts\u00e9g Egyedi k\u00e9nyelmi szolg\u00e1ltat\u00e1sok, amelyek csak R\u00e1d szabottak Gondoskodunk r\u00f3la, hogy az itt t\u00f6lt\u00f6tt id\u0151 felejthetetlen \u00e9lm\u00e9ny legyenK\u00e9nyelmespihen\u00e9s King-size \u00e1gy (180x200 cm)Kiv\u00e1l\u00f3 min\u0151s\u00e9g\u0171 pamut \u00e1gynem\u0171Pehelypaplan \u00e9s p\u00e1rn\u00e1k \u2013 k\u00e9r\u00e9sre allergiamentes v\u00e1ltozatra cser\u00e9lhet\u0151MINDEN \u00d6NR\u0150L SZ\u00d3L Mer\u00fclj\u00f6n el a Hans Grohe es\u0151zuhany \u00e9s f\u00fcrd\u0151k\u00e1d \u00e1ltal ny\u00fajtott p\u00e1ratlan f\u00fcrd\u0151\u00e9lm\u00e9nyben, amelyet k\u00e9zzel k\u00e9sz\u00edtett helyi m\u00e9szk\u0151 burkolat vesz k\u00f6r\u00fcl.F\u00fcrd\u00e9s ut\u00e1n burkol\u00f3zzon puha f\u00fcrd\u0151k\u00f6penybe \u00e9s t\u00f6r\u00f6lk\u00f6z\u0151be, \u00e9s \u00e9lvezze a francia L\u2019Occitane bio b\u0151r\u00e1pol\u00f3inak luxus\u00e1t, amelyek t\u00f6k\u00e9letesen felfriss\u00edtik \u00e9s meg\u00faj\u00edtj\u00e1k.A KREATIVIT\u00c1S \u00c9S K\u00cdV\u00c1NCSIS\u00c1G SZERELMESEINEK A Baltaz\u00e1r Hotel mened\u00e9k azok sz\u00e1m\u00e1ra, akik rajonganak a m\u0171v\u00e9szet\u00e9rt, a design\u00e9rt \u00e9s a felfedez\u00e9s\u00e9rt.Minden szoba egyedi t\u00f6rt\u00e9netet mes\u00e9l el, id\u0151tlen b\u00e1jt k\u00f6lcs\u00f6n\u00f6zve olyan ikonikus remekm\u0171vekkel, mint a Gy\u00f6ngyf\u00fclbeval\u00f3s l\u00e1ny.Itt a kreativit\u00e1s tal\u00e1lkozik a k\u00e9nyelemmel, egy inspir\u00e1l\u00f3 l\u00e9gk\u00f6rben.Stay with us\" \/>\n<meta property=\"og:url\" content=\"https:\/\/baltazarbudapest.com\/hu\/felszereltseg\/\" \/>\n<meta property=\"og:site_name\" content=\"Balthazar Hotel\" \/>\n<meta property=\"article:modified_time\" content=\"2024-12-02T13:41:09+00:00\" \/>\n<meta name=\"twitter:card\" content=\"summary_large_image\" \/>\n<meta name=\"twitter:label1\" content=\"Becs\u00fclt olvas\u00e1si id\u0151\" \/>\n\t<meta name=\"twitter:data1\" content=\"3 perc\" \/>\n<script type=\"application\/ld+json\" class=\"yoast-schema-graph\">{\"@context\":\"https:\\\/\\\/schema.org\",\"@graph\":[{\"@type\":\"WebPage\",\"@id\":\"https:\\\/\\\/baltazarbudapest.com\\\/hu\\\/felszereltseg\\\/\",\"url\":\"https:\\\/\\\/baltazarbudapest.com\\\/hu\\\/felszereltseg\\\/\",\"name\":\"Felszerelts\u00e9g - Balthazar Hotel\",\"isPartOf\":{\"@id\":\"https:\\\/\\\/baltazarbudapest.com\\\/#website\"},\"datePublished\":\"2023-10-25T09:50:06+00:00\",\"dateModified\":\"2024-12-02T13:41:09+00:00\",\"inLanguage\":\"hu\",\"potentialAction\":[{\"@type\":\"ReadAction\",\"target\":[\"https:\\\/\\\/baltazarbudapest.com\\\/hu\\\/felszereltseg\\\/\"]}]},{\"@type\":\"WebSite\",\"@id\":\"https:\\\/\\\/baltazarbudapest.com\\\/#website\",\"url\":\"https:\\\/\\\/baltazarbudapest.com\\\/\",\"name\":\"Balthazar Hotel\",\"description\":\"\",\"potentialAction\":[{\"@type\":\"SearchAction\",\"target\":{\"@type\":\"EntryPoint\",\"urlTemplate\":\"https:\\\/\\\/baltazarbudapest.com\\\/?s={search_term_string}\"},\"query-input\":{\"@type\":\"PropertyValueSpecification\",\"valueRequired\":true,\"valueName\":\"search_term_string\"}}],\"inLanguage\":\"hu\"}]}<\/script>\n<!-- \/ Yoast SEO plugin. -->","yoast_head_json":{"title":"Felszerelts\u00e9g - Balthazar Hotel","robots":{"index":"index","follow":"follow","max-snippet":"max-snippet:-1","max-image-preview":"max-image-preview:large","max-video-preview":"max-video-preview:-1"},"canonical":"https:\/\/baltazarbudapest.com\/hu\/felszereltseg\/","og_locale":"hu_HU","og_type":"article","og_title":"Felszerelts\u00e9g - Balthazar Hotel","og_description":"Felszerelts\u00e9g Szob\u00e1k &amp; Lakoszt\u00e1lyok Felszerelts\u00e9g Egyedi k\u00e9nyelmi szolg\u00e1ltat\u00e1sok, amelyek csak R\u00e1d szabottak Gondoskodunk r\u00f3la, hogy az itt t\u00f6lt\u00f6tt id\u0151 felejthetetlen \u00e9lm\u00e9ny legyenK\u00e9nyelmespihen\u00e9s King-size \u00e1gy (180x200 cm)Kiv\u00e1l\u00f3 min\u0151s\u00e9g\u0171 pamut \u00e1gynem\u0171Pehelypaplan \u00e9s p\u00e1rn\u00e1k \u2013 k\u00e9r\u00e9sre allergiamentes v\u00e1ltozatra cser\u00e9lhet\u0151MINDEN \u00d6NR\u0150L SZ\u00d3L Mer\u00fclj\u00f6n el a Hans Grohe es\u0151zuhany \u00e9s f\u00fcrd\u0151k\u00e1d \u00e1ltal ny\u00fajtott p\u00e1ratlan f\u00fcrd\u0151\u00e9lm\u00e9nyben, amelyet k\u00e9zzel k\u00e9sz\u00edtett helyi m\u00e9szk\u0151 burkolat vesz k\u00f6r\u00fcl.F\u00fcrd\u00e9s ut\u00e1n burkol\u00f3zzon puha f\u00fcrd\u0151k\u00f6penybe \u00e9s t\u00f6r\u00f6lk\u00f6z\u0151be, \u00e9s \u00e9lvezze a francia L\u2019Occitane bio b\u0151r\u00e1pol\u00f3inak luxus\u00e1t, amelyek t\u00f6k\u00e9letesen felfriss\u00edtik \u00e9s meg\u00faj\u00edtj\u00e1k.A KREATIVIT\u00c1S \u00c9S K\u00cdV\u00c1NCSIS\u00c1G SZERELMESEINEK A Baltaz\u00e1r Hotel mened\u00e9k azok sz\u00e1m\u00e1ra, akik rajonganak a m\u0171v\u00e9szet\u00e9rt, a design\u00e9rt \u00e9s a felfedez\u00e9s\u00e9rt.Minden szoba egyedi t\u00f6rt\u00e9netet mes\u00e9l el, id\u0151tlen b\u00e1jt k\u00f6lcs\u00f6n\u00f6zve olyan ikonikus remekm\u0171vekkel, mint a Gy\u00f6ngyf\u00fclbeval\u00f3s l\u00e1ny.Itt a kreativit\u00e1s tal\u00e1lkozik a k\u00e9nyelemmel, egy inspir\u00e1l\u00f3 l\u00e9gk\u00f6rben.Stay with us","og_url":"https:\/\/baltazarbudapest.com\/hu\/felszereltseg\/","og_site_name":"Balthazar Hotel","article_modified_time":"2024-12-02T13:41:09+00:00","twitter_card":"summary_large_image","twitter_misc":{"Becs\u00fclt olvas\u00e1si id\u0151":"3 perc"},"schema":{"@context":"https:\/\/schema.org","@graph":[{"@type":"WebPage","@id":"https:\/\/baltazarbudapest.com\/hu\/felszereltseg\/","url":"https:\/\/baltazarbudapest.com\/hu\/felszereltseg\/","name":"Felszerelts\u00e9g - Balthazar Hotel","isPartOf":{"@id":"https:\/\/baltazarbudapest.com\/#website"},"datePublished":"2023-10-25T09:50:06+00:00","dateModified":"2024-12-02T13:41:09+00:00","inLanguage":"hu","potentialAction":[{"@type":"ReadAction","target":["https:\/\/baltazarbudapest.com\/hu\/felszereltseg\/"]}]},{"@type":"WebSite","@id":"https:\/\/baltazarbudapest.com\/#website","url":"https:\/\/baltazarbudapest.com\/","name":"Balthazar Hotel","description":"","potentialAction":[{"@type":"SearchAction","target":{"@type":"EntryPoint","urlTemplate":"https:\/\/baltazarbudapest.com\/?s={search_term_string}"},"query-input":{"@type":"PropertyValueSpecification","valueRequired":true,"valueName":"search_term_string"}}],"inLanguage":"hu"}]}},"_links":{"self":[{"href":"https:\/\/baltazarbudapest.com\/hu\/wp-json\/wp\/v2\/pages\/1850","targetHints":{"allow":["GET"]}}],"collection":[{"href":"https:\/\/baltazarbudapest.com\/hu\/wp-json\/wp\/v2\/pages"}],"about":[{"href":"https:\/\/baltazarbudapest.com\/hu\/wp-json\/wp\/v2\/types\/page"}],"author":[{"embeddable":true,"href":"https:\/\/baltazarbudapest.com\/hu\/wp-json\/wp\/v2\/users\/1"}],"replies":[{"embeddable":true,"href":"https:\/\/baltazarbudapest.com\/hu\/wp-json\/wp\/v2\/comments?post=1850"}],"version-history":[{"count":6,"href":"https:\/\/baltazarbudapest.com\/hu\/wp-json\/wp\/v2\/pages\/1850\/revisions"}],"predecessor-version":[{"id":1965,"href":"https:\/\/baltazarbudapest.com\/hu\/wp-json\/wp\/v2\/pages\/1850\/revisions\/1965"}],"wp:attachment":[{"href":"https:\/\/baltazarbudapest.com\/hu\/wp-json\/wp\/v2\/media?parent=1850"}],"curies":[{"name":"wp","href":"https:\/\/api.w.org\/{rel}","templated":true}]}}