{"id":1851,"date":"2023-10-26T16:15:42","date_gmt":"2023-10-26T14:15:42","guid":{"rendered":"https:\/\/baltazarbudapest.com\/breakfast\/"},"modified":"2024-12-02T14:44:20","modified_gmt":"2024-12-02T13:44:20","slug":"reggeli","status":"publish","type":"page","link":"https:\/\/baltazarbudapest.com\/hu\/reggeli\/","title":{"rendered":"Reggeli"},"content":{"rendered":"<p>[et_pb_section fb_built=&#8221;1&#8243; admin_label=&#8221;Nyit\u00f3szakasz + hi-main-right&#8221; module_id=&#8221;hi-main&#8221; module_class=&#8221;hi-main-right&#8221; _builder_version=&#8221;4.22.2&#8243; _module_preset=&#8221;default&#8221; collapsed=&#8221;off&#8221; global_colors_info=&#8221;{}&#8221;][et_pb_row column_structure=&#8221;1_2,1_2&#8243; make_equal=&#8221;on&#8221; _builder_version=&#8221;4.22.2&#8243; _module_preset=&#8221;default&#8221; custom_margin=&#8221;0px|0px|0px|0px|false|false&#8221; custom_padding=&#8221;0px|0px|0px|0px|false|false&#8221; global_colors_info=&#8221;{}&#8221;][et_pb_column type=&#8221;1_2&#8243; _builder_version=&#8221;4.22.2&#8243; _module_preset=&#8221;default&#8221; global_colors_info=&#8221;{}&#8221;][et_pb_slider module_class=&#8221;hi-lapozo&#8221; _builder_version=&#8221;4.22.2&#8243; _module_preset=&#8221;default&#8221; animation_style=&#8221;slide&#8221; saved_tabs=&#8221;all&#8221; global_colors_info=&#8221;{}&#8221;][et_pb_slide image=&#8221;https:\/\/baltazarbudapest.com\/wp-content\/uploads\/2023\/10\/breakfast-2.png&#8221; admin_title=&#8221;reggeli 2.&#8221; _builder_version=&#8221;4.22.2&#8243; _module_preset=&#8221;default&#8221; global_colors_info=&#8221;{}&#8221; sticky_transition=&#8221;on&#8221;][\/et_pb_slide][et_pb_slide image=&#8221;https:\/\/baltazarbudapest.com\/wp-content\/uploads\/2023\/10\/double-bed-room.png&#8221; _builder_version=&#8221;4.22.2&#8243; _module_preset=&#8221;default&#8221; global_colors_info=&#8221;{}&#8221; sticky_transition=&#8221;on&#8221;][\/et_pb_slide][\/et_pb_slider][\/et_pb_column][et_pb_column type=&#8221;1_2&#8243; _builder_version=&#8221;4.22.2&#8243; _module_preset=&#8221;default&#8221; global_colors_info=&#8221;{}&#8221;][et_pb_text module_id=&#8221;hi-maintext&#8221; _builder_version=&#8221;4.27.3&#8243; _module_preset=&#8221;default&#8221; text_font=&#8221;BebasNeueBook||||||||&#8221; header_font=&#8221;GeometricSlabserif||||||||&#8221; header_2_font=&#8221;GeometricSlabserif||||||||&#8221; header_3_font=&#8221;BebasNeueBook||||||||&#8221; background_image=&#8221;https:\/\/baltazarbudapest.com\/wp-content\/uploads\/2023\/10\/baltazar-logo-in-text.png&#8221; global_colors_info=&#8221;{}&#8221;]<\/p>\n<h2>REGGELI<\/h2>\n<h3>A Baltaz\u00e1r Grillben a reggeli igazi \u00e9lm\u00e9nny\u00e9 v\u00e1lik: egyedi faszenes grillkemenc\u00e9ben k\u00e9sz\u00fclt fog\u00e1sokkal \u00e9s gondosan v\u00e1logatott pr\u00e9mium h\u00fasokkal v\u00e1rjuk.<\/h3>\n<p>[\/et_pb_text][\/et_pb_column][\/et_pb_row][\/et_pb_section][et_pb_section fb_built=&#8221;1&#8243; admin_label=&#8221;Fejl\u00e9c alatti sz\u00f6veg&#8221; module_id=&#8221;main-textbox&#8221; module_class=&#8221;hi-textbox&#8221; _builder_version=&#8221;4.24.2&#8243; _module_preset=&#8221;default&#8221; collapsed=&#8221;off&#8221; global_colors_info=&#8221;{}&#8221;][et_pb_row _builder_version=&#8221;4.22.2&#8243; _module_preset=&#8221;default&#8221; global_colors_info=&#8221;{}&#8221;][et_pb_column type=&#8221;4_4&#8243; _builder_version=&#8221;4.22.2&#8243; _module_preset=&#8221;default&#8221; global_colors_info=&#8221;{}&#8221;][et_pb_text admin_label=&#8221;Lorem ipsum dolor sit amet, consectetur adipiscing elit.&#8221; _builder_version=&#8221;4.27.3&#8243; _module_preset=&#8221;default&#8221; global_colors_info=&#8221;{}&#8221;]<\/p>\n<h2>Kezdje a napot \u00fagy, ahogy \u00d6nnek a legjobban tetszik! V\u00e1logasson \u00edzl\u00e9s\u00e9hez \u00e9s hangulat\u00e1hoz ill\u0151 v\u00e1ltozatos reggeli lehet\u0151s\u00e9geink k\u00f6z\u00fcl.<\/h2>\n<p>[\/et_pb_text][\/et_pb_column][\/et_pb_row][\/et_pb_section][et_pb_section fb_built=&#8221;1&#8243; admin_label=&#8221;Nagyk\u00e9p\u0171 lapoz\u00f3 + hi-lapozo-hordozo-right&#8221; module_class=&#8221;hi-lapozo-hordozo hi-lapozo-hordozo-right&#8221; _builder_version=&#8221;4.22.2&#8243; _module_preset=&#8221;default&#8221; collapsed=&#8221;off&#8221; global_colors_info=&#8221;{}&#8221;][et_pb_row _builder_version=&#8221;4.22.2&#8243; _module_preset=&#8221;default&#8221; global_colors_info=&#8221;{}&#8221;][et_pb_column type=&#8221;4_4&#8243; _builder_version=&#8221;4.22.2&#8243; _module_preset=&#8221;default&#8221; global_colors_info=&#8221;{}&#8221;][et_pb_text admin_label=&#8221;Sz\u00f6veg &#8211; Frenchy Breakfast&#8221; _builder_version=&#8221;4.27.3&#8243; _module_preset=&#8221;default&#8221; global_colors_info=&#8221;{}&#8221;]<\/p>\n<h2>Frenchy<br \/>Breakfast<\/h2>\n<h3>Engedje, hogy elcs\u00e1b\u00edtsa a Frenchy Breakfast var\u00e1zsa! Vend\u00e9geinket fejenk\u00e9nt k\u00e9t frissen s\u00fclt croissant v\u00e1rja, h\u00e1zi k\u00e9sz\u00edt\u00e9s\u0171 lekv\u00e1rral, kr\u00e9mes vajjal, friss\u00edt\u0151 narancsl\u00e9vel \u00e9s t\u00f6k\u00e9letesen elk\u00e9sz\u00edtett k\u00e1v\u00e9val. V\u00e1lassza ezt a finom napind\u00edt\u00f3t sz\u00e1ll\u00e1sfoglal\u00e1sakor!<\/h3>\n<p>[\/et_pb_text][et_pb_slider module_class=&#8221;hi-lapozo&#8221; _builder_version=&#8221;4.24.2&#8243; _module_preset=&#8221;default&#8221; animation_style=&#8221;slide&#8221; saved_tabs=&#8221;all&#8221; global_colors_info=&#8221;{}&#8221;][et_pb_slide image=&#8221;https:\/\/baltazarbudapest.com\/wp-content\/uploads\/2023\/10\/breakfast-in-bed.png&#8221; admin_title=&#8221;reggeli az \u00e1gyban&#8221; _builder_version=&#8221;4.22.2&#8243; _module_preset=&#8221;default&#8221; global_colors_info=&#8221;{}&#8221; sticky_transition=&#8221;on&#8221;][\/et_pb_slide][et_pb_slide image=&#8221;https:\/\/baltazarbudapest.com\/wp-content\/uploads\/2023\/10\/breakfast.png&#8221; admin_title=&#8221;reggeli&#8221; _builder_version=&#8221;4.22.2&#8243; _module_preset=&#8221;default&#8221; global_colors_info=&#8221;{}&#8221; sticky_transition=&#8221;on&#8221;][\/et_pb_slide][\/et_pb_slider][\/et_pb_column][\/et_pb_row][\/et_pb_section][et_pb_section fb_built=&#8221;1&#8243; admin_label=&#8221;Nagyk\u00e9p\u0171 lapoz\u00f3&#8221; module_class=&#8221;hi-lapozo-hordozo&#8221; _builder_version=&#8221;4.22.2&#8243; _module_preset=&#8221;default&#8221; collapsed=&#8221;off&#8221; global_colors_info=&#8221;{}&#8221;][et_pb_row _builder_version=&#8221;4.22.2&#8243; _module_preset=&#8221;default&#8221; global_colors_info=&#8221;{}&#8221;][et_pb_column type=&#8221;4_4&#8243; _builder_version=&#8221;4.22.2&#8243; _module_preset=&#8221;default&#8221; global_colors_info=&#8221;{}&#8221;][et_pb_text admin_label=&#8221;Sz\u00f6veg &#8211; SWEET SLEEP&#8221; _builder_version=&#8221;4.27.3&#8243; _module_preset=&#8221;default&#8221; global_colors_info=&#8221;{}&#8221;]<\/p>\n<h2>POWER<br \/>BREAKFAST<\/h2>\n<h3>T\u00f6lt\u0151dj\u00f6n fel az Power Breakfast-tel! V\u00e1lasszon egy \u00ednycsikland\u00f3 fog\u00e1st \u00e0 la carte men\u00fcnkb\u0151l, amelyhez korl\u00e1tlan narancsl\u00e9 \u00e9s v\u00e1laszt\u00e1sa szerint k\u00e1v\u00e9 vagy tea j\u00e1r. Ide\u00e1lis kezd\u00e9s a naphoz, hogy tele energi\u00e1val indulhasson felfedezni a vil\u00e1got!<\/h3>\n<p>[\/et_pb_text][et_pb_slider module_class=&#8221;hi-lapozo&#8221; _builder_version=&#8221;4.24.2&#8243; _module_preset=&#8221;default&#8221; animation_style=&#8221;slide&#8221; saved_tabs=&#8221;all&#8221; global_colors_info=&#8221;{}&#8221;][et_pb_slide image=&#8221;https:\/\/baltazarbudapest.com\/wp-content\/uploads\/2023\/10\/double-bed-room.png&#8221; admin_title=&#8221;francia\u00e1gyas szoba&#8221; _builder_version=&#8221;4.22.2&#8243; _module_preset=&#8221;default&#8221; global_colors_info=&#8221;{}&#8221; sticky_transition=&#8221;on&#8221;][\/et_pb_slide][et_pb_slide image=&#8221;https:\/\/baltazarbudapest.com\/wp-content\/uploads\/2023\/10\/bright-room.png&#8221; admin_title=&#8221;vil\u00e1gos szoba&#8221; _builder_version=&#8221;4.22.2&#8243; _module_preset=&#8221;default&#8221; global_colors_info=&#8221;{}&#8221; sticky_transition=&#8221;on&#8221;][\/et_pb_slide][\/et_pb_slider][\/et_pb_column][\/et_pb_row][\/et_pb_section][et_pb_section fb_built=&#8221;1&#8243; admin_label=&#8221;Nagyk\u00e9p\u0171 lapoz\u00f3 + hi-lapozo-hordozo-right&#8221; module_class=&#8221;hi-lapozo-hordozo hi-lapozo-hordozo-right&#8221; _builder_version=&#8221;4.24.2&#8243; _module_preset=&#8221;default&#8221; collapsed=&#8221;off&#8221; global_colors_info=&#8221;{}&#8221;][et_pb_row _builder_version=&#8221;4.22.2&#8243; _module_preset=&#8221;default&#8221; global_colors_info=&#8221;{}&#8221;][et_pb_column type=&#8221;4_4&#8243; _builder_version=&#8221;4.22.2&#8243; _module_preset=&#8221;default&#8221; global_colors_info=&#8221;{}&#8221;][et_pb_text admin_label=&#8221;Sz\u00f6veg &#8211; ROOMS &#038; SUITES&#8221; _builder_version=&#8221;4.27.3&#8243; _module_preset=&#8221;default&#8221; global_colors_info=&#8221;{}&#8221;]<\/p>\n<h2>\u00c1 LA CARTE<\/h2>\n<h3>\u00c9lvezze \u00c0 la Carte reggeli men\u00fcnk \u00ednycsikland\u00f3 k\u00edn\u00e1lat\u00e1t, amely k\u00f6nnyed \u00e9s \u00edzletes fog\u00e1sokkal ind\u00edtja a napj\u00e1t. Friss p\u00e9ks\u00fctem\u00e9nyek, szezon\u00e1lis gy\u00fcm\u00f6lcs\u00f6k, toj\u00e1sk\u00fcl\u00f6nlegess\u00e9gek \u00e9s eg\u00e9szs\u00e9ges t\u00e1lak k\u00f6z\u00fcl v\u00e1logathat, hogy az \u00d6n \u00edzl\u00e9s\u00e9hez \u00e9s \u00e9tv\u00e1gy\u00e1hoz igazod\u00f3 t\u00f6k\u00e9letes reggelit \u00e1ll\u00edthassa \u00f6ssze.<\/h3>\n<p>[\/et_pb_text][et_pb_slider module_class=&#8221;hi-lapozo&#8221; _builder_version=&#8221;4.22.2&#8243; _module_preset=&#8221;default&#8221; animation_style=&#8221;slide&#8221; saved_tabs=&#8221;all&#8221; global_colors_info=&#8221;{}&#8221;][et_pb_slide image=&#8221;https:\/\/baltazarbudapest.com\/wp-content\/uploads\/2023\/10\/double-bed.png&#8221; admin_title=&#8221;s\u00f6t\u00e9t szoba&#8221; _builder_version=&#8221;4.22.2&#8243; _module_preset=&#8221;default&#8221; global_colors_info=&#8221;{}&#8221; sticky_transition=&#8221;on&#8221;][\/et_pb_slide][et_pb_slide image=&#8221;https:\/\/baltazarbudapest.com\/wp-content\/uploads\/2023\/10\/double-bed-room.png&#8221; admin_title=&#8221;francia\u00e1gyas szoba&#8221; _builder_version=&#8221;4.22.2&#8243; _module_preset=&#8221;default&#8221; global_colors_info=&#8221;{}&#8221; sticky_transition=&#8221;on&#8221;][\/et_pb_slide][\/et_pb_slider][\/et_pb_column][\/et_pb_row][\/et_pb_section][et_pb_section fb_built=&#8221;1&#8243; admin_label=&#8221;NEON &#8211; Stay with us&#8221; module_class=&#8221;hi-sixbox&#8221; _builder_version=&#8221;4.27.3&#8243; _module_preset=&#8221;default&#8221; background_image=&#8221;https:\/\/baltazarbudapest.com\/wp-content\/uploads\/2023\/10\/doggies.png&#8221; collapsed=&#8221;off&#8221; global_colors_info=&#8221;{}&#8221;][et_pb_row admin_label=&#8221;hi-sixboxtop&#8221; module_class=&#8221;hi-sixboxtop&#8221; _builder_version=&#8221;4.22.2&#8243; _module_preset=&#8221;default&#8221; collapsed=&#8221;off&#8221; global_colors_info=&#8221;{}&#8221;][et_pb_column type=&#8221;4_4&#8243; _builder_version=&#8221;4.22.2&#8243; _module_preset=&#8221;default&#8221; global_colors_info=&#8221;{}&#8221;][et_pb_text admin_label=&#8221;Title&#8221; module_class=&#8221;hi-sixbox-title&#8221; _builder_version=&#8221;4.22.2&#8243; _module_preset=&#8221;default&#8221; text_font=&#8221;BaligScript||||||||&#8221; global_colors_info=&#8221;{}&#8221;]<\/p>\n<h2>Stay with us<\/h2>\n<p>[\/et_pb_text][et_pb_button button_text=&#8221;H\u00edrek&#8221; admin_label=&#8221;H\u00edrek gomb &#8211; glob\u00e1lis&#8221; module_class=&#8221;hi-button&#8221; _builder_version=&#8221;4.27.3&#8243; _module_preset=&#8221;default&#8221; saved_tabs=&#8221;all&#8221; global_colors_info=&#8221;{}&#8221; global_module=&#8221;1958&#8243; theme_builder_area=&#8221;post_content&#8221;][\/et_pb_button][\/et_pb_column][\/et_pb_row][et_pb_row column_structure=&#8221;1_6,1_6,1_6,1_6,1_6,1_6&#8243; disabled_on=&#8221;on|on|on&#8221; admin_label=&#8221;hi-sixbox-images&#8221; module_class=&#8221;hi-sixbox-images&#8221; _builder_version=&#8221;4.22.2&#8243; _module_preset=&#8221;default&#8221; disabled=&#8221;on&#8221; collapsed=&#8221;on&#8221; global_colors_info=&#8221;{}&#8221;][et_pb_column type=&#8221;1_6&#8243; _builder_version=&#8221;4.22.2&#8243; _module_preset=&#8221;default&#8221; global_colors_info=&#8221;{}&#8221;][et_pb_image src=&#8221;https:\/\/baltazarbudapest.com\/wp-content\/uploads\/2023\/10\/6box-forbes-1.png&#8221; title_text=&#8221;6box-forbes&#8221; url=&#8221;https:\/\/www.forbes.hu&#8221; url_new_window=&#8221;on&#8221; _builder_version=&#8221;4.22.2&#8243; _module_preset=&#8221;default&#8221; global_colors_info=&#8221;{}&#8221;][\/et_pb_image][\/et_pb_column][et_pb_column type=&#8221;1_6&#8243; _builder_version=&#8221;4.22.2&#8243; _module_preset=&#8221;default&#8221; global_colors_info=&#8221;{}&#8221;][et_pb_image src=&#8221;https:\/\/baltazarbudapest.com\/wp-content\/uploads\/2023\/10\/6box-michelin-guide-1.png&#8221; title_text=&#8221;6box-michelin-guide&#8221; url=&#8221;https:\/\/guide.michelin.com\/en\/hu\/central-hungary\/budapest\/&#8221; url_new_window=&#8221;on&#8221; _builder_version=&#8221;4.22.2&#8243; _module_preset=&#8221;default&#8221; global_colors_info=&#8221;{}&#8221;][\/et_pb_image][\/et_pb_column][et_pb_column type=&#8221;1_6&#8243; _builder_version=&#8221;4.22.2&#8243; _module_preset=&#8221;default&#8221; global_colors_info=&#8221;{}&#8221;][et_pb_image src=&#8221;https:\/\/baltazarbudapest.com\/wp-content\/uploads\/2023\/10\/6box-designboom-1.png&#8221; title_text=&#8221;6box-designboom&#8221; url=&#8221;https:\/\/www.designboom.com\/tag\/architecture-in-hungary\/&#8221; url_new_window=&#8221;on&#8221; _builder_version=&#8221;4.22.2&#8243; _module_preset=&#8221;default&#8221; global_colors_info=&#8221;{}&#8221;][\/et_pb_image][\/et_pb_column][et_pb_column type=&#8221;1_6&#8243; _builder_version=&#8221;4.22.2&#8243; _module_preset=&#8221;default&#8221; global_colors_info=&#8221;{}&#8221;][et_pb_image src=&#8221;https:\/\/baltazarbudapest.com\/wp-content\/uploads\/2023\/10\/6box-tripadvisor-1.png&#8221; title_text=&#8221;6box-tripadvisor&#8221; url=&#8221;https:\/\/www.tripadvisor.com\/Tourism-g274887-Budapest_Central_Hungary-Vacations.html&#8221; url_new_window=&#8221;on&#8221; _builder_version=&#8221;4.22.2&#8243; _module_preset=&#8221;default&#8221; global_colors_info=&#8221;{}&#8221;][\/et_pb_image][\/et_pb_column][et_pb_column type=&#8221;1_6&#8243; _builder_version=&#8221;4.22.2&#8243; _module_preset=&#8221;default&#8221; global_colors_info=&#8221;{}&#8221;][et_pb_image src=&#8221;https:\/\/baltazarbudapest.com\/wp-content\/uploads\/2023\/10\/6box-vogue-1.png&#8221; title_text=&#8221;6box-vogue&#8221; url=&#8221;https:\/\/www.vogue.com\/magazine&#8221; url_new_window=&#8221;on&#8221; _builder_version=&#8221;4.22.2&#8243; _module_preset=&#8221;default&#8221; global_colors_info=&#8221;{}&#8221;][\/et_pb_image][\/et_pb_column][et_pb_column type=&#8221;1_6&#8243; _builder_version=&#8221;4.22.2&#8243; _module_preset=&#8221;default&#8221; global_colors_info=&#8221;{}&#8221;][et_pb_image src=&#8221;https:\/\/baltazarbudapest.com\/wp-content\/uploads\/2023\/10\/6box-wallpaper-1.png&#8221; title_text=&#8221;6box-wallpaper&#8221; url=&#8221;https:\/\/www.wallpaper.com\/&#8221; url_new_window=&#8221;on&#8221; _builder_version=&#8221;4.22.2&#8243; _module_preset=&#8221;default&#8221; global_colors_info=&#8221;{}&#8221;][\/et_pb_image][\/et_pb_column][\/et_pb_row][\/et_pb_section]<\/p>\n","protected":false},"excerpt":{"rendered":"<p>REGGELI A Baltaz\u00e1r Grillben a reggeli igazi \u00e9lm\u00e9nny\u00e9 v\u00e1lik: egyedi faszenes grillkemenc\u00e9ben k\u00e9sz\u00fclt fog\u00e1sokkal \u00e9s gondosan v\u00e1logatott pr\u00e9mium h\u00fasokkal v\u00e1rjuk.Kezdje a napot \u00fagy, ahogy \u00d6nnek a legjobban tetszik! V\u00e1logasson \u00edzl\u00e9s\u00e9hez \u00e9s hangulat\u00e1hoz ill\u0151 v\u00e1ltozatos reggeli lehet\u0151s\u00e9geink k\u00f6z\u00fcl.FrenchyBreakfast Engedje, hogy elcs\u00e1b\u00edtsa a Frenchy Breakfast var\u00e1zsa! Vend\u00e9geinket fejenk\u00e9nt k\u00e9t frissen s\u00fclt croissant v\u00e1rja, h\u00e1zi k\u00e9sz\u00edt\u00e9s\u0171 lekv\u00e1rral, kr\u00e9mes vajjal, friss\u00edt\u0151 narancsl\u00e9vel \u00e9s t\u00f6k\u00e9letesen elk\u00e9sz\u00edtett k\u00e1v\u00e9val. V\u00e1lassza ezt a finom napind\u00edt\u00f3t sz\u00e1ll\u00e1sfoglal\u00e1sakor!POWERBREAKFAST T\u00f6lt\u0151dj\u00f6n fel az Power Breakfast-tel! V\u00e1lasszon egy \u00ednycsikland\u00f3 fog\u00e1st \u00e0 la carte men\u00fcnkb\u0151l, amelyhez korl\u00e1tlan narancsl\u00e9 \u00e9s v\u00e1laszt\u00e1sa szerint k\u00e1v\u00e9 vagy tea j\u00e1r. Ide\u00e1lis kezd\u00e9s a naphoz, hogy tele energi\u00e1val indulhasson felfedezni a vil\u00e1got!\u00c1 LA CARTE \u00c9lvezze \u00c0 la Carte reggeli men\u00fcnk \u00ednycsikland\u00f3 k\u00edn\u00e1lat\u00e1t, amely k\u00f6nnyed \u00e9s \u00edzletes fog\u00e1sokkal ind\u00edtja a napj\u00e1t. Friss p\u00e9ks\u00fctem\u00e9nyek, szezon\u00e1lis gy\u00fcm\u00f6lcs\u00f6k, toj\u00e1sk\u00fcl\u00f6nlegess\u00e9gek \u00e9s eg\u00e9szs\u00e9ges t\u00e1lak k\u00f6z\u00fcl v\u00e1logathat, hogy az \u00d6n \u00edzl\u00e9s\u00e9hez \u00e9s \u00e9tv\u00e1gy\u00e1hoz igazod\u00f3 t\u00f6k\u00e9letes reggelit \u00e1ll\u00edthassa \u00f6ssze.Stay with us<\/p>\n","protected":false},"author":1,"featured_media":0,"parent":0,"menu_order":0,"comment_status":"closed","ping_status":"closed","template":"","meta":{"_acf_changed":false,"_et_pb_use_builder":"on","_et_pb_old_content":"","_et_gb_content_width":"","footnotes":""},"class_list":["post-1851","page","type-page","status-publish","hentry"],"acf":[],"yoast_head":"<!-- This site is optimized with the Yoast SEO plugin v27.3 - https:\/\/yoast.com\/product\/yoast-seo-wordpress\/ -->\n<title>Reggeli - Balthazar Hotel<\/title>\n<meta name=\"robots\" content=\"index, follow, max-snippet:-1, max-image-preview:large, max-video-preview:-1\" \/>\n<link rel=\"canonical\" href=\"https:\/\/baltazarbudapest.com\/hu\/reggeli\/\" \/>\n<meta property=\"og:locale\" content=\"hu_HU\" \/>\n<meta property=\"og:type\" content=\"article\" \/>\n<meta property=\"og:title\" content=\"Reggeli - Balthazar Hotel\" \/>\n<meta property=\"og:description\" content=\"REGGELI A Baltaz\u00e1r Grillben a reggeli igazi \u00e9lm\u00e9nny\u00e9 v\u00e1lik: egyedi faszenes grillkemenc\u00e9ben k\u00e9sz\u00fclt fog\u00e1sokkal \u00e9s gondosan v\u00e1logatott pr\u00e9mium h\u00fasokkal v\u00e1rjuk.Kezdje a napot \u00fagy, ahogy \u00d6nnek a legjobban tetszik! V\u00e1logasson \u00edzl\u00e9s\u00e9hez \u00e9s hangulat\u00e1hoz ill\u0151 v\u00e1ltozatos reggeli lehet\u0151s\u00e9geink k\u00f6z\u00fcl.FrenchyBreakfast Engedje, hogy elcs\u00e1b\u00edtsa a Frenchy Breakfast var\u00e1zsa! Vend\u00e9geinket fejenk\u00e9nt k\u00e9t frissen s\u00fclt croissant v\u00e1rja, h\u00e1zi k\u00e9sz\u00edt\u00e9s\u0171 lekv\u00e1rral, kr\u00e9mes vajjal, friss\u00edt\u0151 narancsl\u00e9vel \u00e9s t\u00f6k\u00e9letesen elk\u00e9sz\u00edtett k\u00e1v\u00e9val. V\u00e1lassza ezt a finom napind\u00edt\u00f3t sz\u00e1ll\u00e1sfoglal\u00e1sakor!POWERBREAKFAST T\u00f6lt\u0151dj\u00f6n fel az Power Breakfast-tel! V\u00e1lasszon egy \u00ednycsikland\u00f3 fog\u00e1st \u00e0 la carte men\u00fcnkb\u0151l, amelyhez korl\u00e1tlan narancsl\u00e9 \u00e9s v\u00e1laszt\u00e1sa szerint k\u00e1v\u00e9 vagy tea j\u00e1r. Ide\u00e1lis kezd\u00e9s a naphoz, hogy tele energi\u00e1val indulhasson felfedezni a vil\u00e1got!\u00c1 LA CARTE \u00c9lvezze \u00c0 la Carte reggeli men\u00fcnk \u00ednycsikland\u00f3 k\u00edn\u00e1lat\u00e1t, amely k\u00f6nnyed \u00e9s \u00edzletes fog\u00e1sokkal ind\u00edtja a napj\u00e1t. Friss p\u00e9ks\u00fctem\u00e9nyek, szezon\u00e1lis gy\u00fcm\u00f6lcs\u00f6k, toj\u00e1sk\u00fcl\u00f6nlegess\u00e9gek \u00e9s eg\u00e9szs\u00e9ges t\u00e1lak k\u00f6z\u00fcl v\u00e1logathat, hogy az \u00d6n \u00edzl\u00e9s\u00e9hez \u00e9s \u00e9tv\u00e1gy\u00e1hoz igazod\u00f3 t\u00f6k\u00e9letes reggelit \u00e1ll\u00edthassa \u00f6ssze.Stay with us\" \/>\n<meta property=\"og:url\" content=\"https:\/\/baltazarbudapest.com\/hu\/reggeli\/\" \/>\n<meta property=\"og:site_name\" content=\"Balthazar Hotel\" \/>\n<meta property=\"article:modified_time\" content=\"2024-12-02T13:44:20+00:00\" \/>\n<meta name=\"twitter:card\" content=\"summary_large_image\" \/>\n<meta name=\"twitter:label1\" content=\"Becs\u00fclt olvas\u00e1si id\u0151\" \/>\n\t<meta name=\"twitter:data1\" content=\"3 perc\" \/>\n<script type=\"application\/ld+json\" class=\"yoast-schema-graph\">{\"@context\":\"https:\\\/\\\/schema.org\",\"@graph\":[{\"@type\":\"WebPage\",\"@id\":\"https:\\\/\\\/baltazarbudapest.com\\\/hu\\\/reggeli\\\/\",\"url\":\"https:\\\/\\\/baltazarbudapest.com\\\/hu\\\/reggeli\\\/\",\"name\":\"Reggeli - Balthazar Hotel\",\"isPartOf\":{\"@id\":\"https:\\\/\\\/baltazarbudapest.com\\\/#website\"},\"datePublished\":\"2023-10-26T14:15:42+00:00\",\"dateModified\":\"2024-12-02T13:44:20+00:00\",\"inLanguage\":\"hu\",\"potentialAction\":[{\"@type\":\"ReadAction\",\"target\":[\"https:\\\/\\\/baltazarbudapest.com\\\/hu\\\/reggeli\\\/\"]}]},{\"@type\":\"WebSite\",\"@id\":\"https:\\\/\\\/baltazarbudapest.com\\\/#website\",\"url\":\"https:\\\/\\\/baltazarbudapest.com\\\/\",\"name\":\"Balthazar Hotel\",\"description\":\"\",\"potentialAction\":[{\"@type\":\"SearchAction\",\"target\":{\"@type\":\"EntryPoint\",\"urlTemplate\":\"https:\\\/\\\/baltazarbudapest.com\\\/?s={search_term_string}\"},\"query-input\":{\"@type\":\"PropertyValueSpecification\",\"valueRequired\":true,\"valueName\":\"search_term_string\"}}],\"inLanguage\":\"hu\"}]}<\/script>\n<!-- \/ Yoast SEO plugin. -->","yoast_head_json":{"title":"Reggeli - Balthazar Hotel","robots":{"index":"index","follow":"follow","max-snippet":"max-snippet:-1","max-image-preview":"max-image-preview:large","max-video-preview":"max-video-preview:-1"},"canonical":"https:\/\/baltazarbudapest.com\/hu\/reggeli\/","og_locale":"hu_HU","og_type":"article","og_title":"Reggeli - Balthazar Hotel","og_description":"REGGELI A Baltaz\u00e1r Grillben a reggeli igazi \u00e9lm\u00e9nny\u00e9 v\u00e1lik: egyedi faszenes grillkemenc\u00e9ben k\u00e9sz\u00fclt fog\u00e1sokkal \u00e9s gondosan v\u00e1logatott pr\u00e9mium h\u00fasokkal v\u00e1rjuk.Kezdje a napot \u00fagy, ahogy \u00d6nnek a legjobban tetszik! V\u00e1logasson \u00edzl\u00e9s\u00e9hez \u00e9s hangulat\u00e1hoz ill\u0151 v\u00e1ltozatos reggeli lehet\u0151s\u00e9geink k\u00f6z\u00fcl.FrenchyBreakfast Engedje, hogy elcs\u00e1b\u00edtsa a Frenchy Breakfast var\u00e1zsa! Vend\u00e9geinket fejenk\u00e9nt k\u00e9t frissen s\u00fclt croissant v\u00e1rja, h\u00e1zi k\u00e9sz\u00edt\u00e9s\u0171 lekv\u00e1rral, kr\u00e9mes vajjal, friss\u00edt\u0151 narancsl\u00e9vel \u00e9s t\u00f6k\u00e9letesen elk\u00e9sz\u00edtett k\u00e1v\u00e9val. V\u00e1lassza ezt a finom napind\u00edt\u00f3t sz\u00e1ll\u00e1sfoglal\u00e1sakor!POWERBREAKFAST T\u00f6lt\u0151dj\u00f6n fel az Power Breakfast-tel! V\u00e1lasszon egy \u00ednycsikland\u00f3 fog\u00e1st \u00e0 la carte men\u00fcnkb\u0151l, amelyhez korl\u00e1tlan narancsl\u00e9 \u00e9s v\u00e1laszt\u00e1sa szerint k\u00e1v\u00e9 vagy tea j\u00e1r. Ide\u00e1lis kezd\u00e9s a naphoz, hogy tele energi\u00e1val indulhasson felfedezni a vil\u00e1got!\u00c1 LA CARTE \u00c9lvezze \u00c0 la Carte reggeli men\u00fcnk \u00ednycsikland\u00f3 k\u00edn\u00e1lat\u00e1t, amely k\u00f6nnyed \u00e9s \u00edzletes fog\u00e1sokkal ind\u00edtja a napj\u00e1t. Friss p\u00e9ks\u00fctem\u00e9nyek, szezon\u00e1lis gy\u00fcm\u00f6lcs\u00f6k, toj\u00e1sk\u00fcl\u00f6nlegess\u00e9gek \u00e9s eg\u00e9szs\u00e9ges t\u00e1lak k\u00f6z\u00fcl v\u00e1logathat, hogy az \u00d6n \u00edzl\u00e9s\u00e9hez \u00e9s \u00e9tv\u00e1gy\u00e1hoz igazod\u00f3 t\u00f6k\u00e9letes reggelit \u00e1ll\u00edthassa \u00f6ssze.Stay with us","og_url":"https:\/\/baltazarbudapest.com\/hu\/reggeli\/","og_site_name":"Balthazar Hotel","article_modified_time":"2024-12-02T13:44:20+00:00","twitter_card":"summary_large_image","twitter_misc":{"Becs\u00fclt olvas\u00e1si id\u0151":"3 perc"},"schema":{"@context":"https:\/\/schema.org","@graph":[{"@type":"WebPage","@id":"https:\/\/baltazarbudapest.com\/hu\/reggeli\/","url":"https:\/\/baltazarbudapest.com\/hu\/reggeli\/","name":"Reggeli - Balthazar Hotel","isPartOf":{"@id":"https:\/\/baltazarbudapest.com\/#website"},"datePublished":"2023-10-26T14:15:42+00:00","dateModified":"2024-12-02T13:44:20+00:00","inLanguage":"hu","potentialAction":[{"@type":"ReadAction","target":["https:\/\/baltazarbudapest.com\/hu\/reggeli\/"]}]},{"@type":"WebSite","@id":"https:\/\/baltazarbudapest.com\/#website","url":"https:\/\/baltazarbudapest.com\/","name":"Balthazar Hotel","description":"","potentialAction":[{"@type":"SearchAction","target":{"@type":"EntryPoint","urlTemplate":"https:\/\/baltazarbudapest.com\/?s={search_term_string}"},"query-input":{"@type":"PropertyValueSpecification","valueRequired":true,"valueName":"search_term_string"}}],"inLanguage":"hu"}]}},"_links":{"self":[{"href":"https:\/\/baltazarbudapest.com\/hu\/wp-json\/wp\/v2\/pages\/1851","targetHints":{"allow":["GET"]}}],"collection":[{"href":"https:\/\/baltazarbudapest.com\/hu\/wp-json\/wp\/v2\/pages"}],"about":[{"href":"https:\/\/baltazarbudapest.com\/hu\/wp-json\/wp\/v2\/types\/page"}],"author":[{"embeddable":true,"href":"https:\/\/baltazarbudapest.com\/hu\/wp-json\/wp\/v2\/users\/1"}],"replies":[{"embeddable":true,"href":"https:\/\/baltazarbudapest.com\/hu\/wp-json\/wp\/v2\/comments?post=1851"}],"version-history":[{"count":4,"href":"https:\/\/baltazarbudapest.com\/hu\/wp-json\/wp\/v2\/pages\/1851\/revisions"}],"predecessor-version":[{"id":1973,"href":"https:\/\/baltazarbudapest.com\/hu\/wp-json\/wp\/v2\/pages\/1851\/revisions\/1973"}],"wp:attachment":[{"href":"https:\/\/baltazarbudapest.com\/hu\/wp-json\/wp\/v2\/media?parent=1851"}],"curies":[{"name":"wp","href":"https:\/\/api.w.org\/{rel}","templated":true}]}}