{"id":1852,"date":"2023-10-27T12:14:33","date_gmt":"2023-10-27T10:14:33","guid":{"rendered":"https:\/\/baltazarbudapest.com\/contact\/"},"modified":"2024-12-02T15:06:03","modified_gmt":"2024-12-02T14:06:03","slug":"kapcsolat","status":"publish","type":"page","link":"https:\/\/baltazarbudapest.com\/hu\/kapcsolat\/","title":{"rendered":"Kapcsolat"},"content":{"rendered":"<p>[et_pb_section fb_built=&#8221;1&#8243; admin_label=&#8221;Nyit\u00f3szakasz + hi-main-right&#8221; module_id=&#8221;hi-main&#8221; module_class=&#8221;hi-main-right hi-breakonmob&#8221; _builder_version=&#8221;4.22.2&#8243; _module_preset=&#8221;default&#8221; collapsed=&#8221;off&#8221; global_colors_info=&#8221;{}&#8221;][et_pb_row column_structure=&#8221;1_2,1_2&#8243; make_equal=&#8221;on&#8221; _builder_version=&#8221;4.22.2&#8243; _module_preset=&#8221;default&#8221; custom_margin=&#8221;0px|0px|0px|0px|false|false&#8221; custom_padding=&#8221;0px|0px|0px|0px|false|false&#8221; global_colors_info=&#8221;{}&#8221;][et_pb_column type=&#8221;1_2&#8243; _builder_version=&#8221;4.22.2&#8243; _module_preset=&#8221;default&#8221; global_colors_info=&#8221;{}&#8221;][et_pb_slider module_class=&#8221;hi-lapozo hi-lapozo-map&#8221; _builder_version=&#8221;4.22.2&#8243; _module_preset=&#8221;default&#8221; animation_style=&#8221;slide&#8221; saved_tabs=&#8221;all&#8221; global_colors_info=&#8221;{}&#8221;][et_pb_slide image=&#8221;https:\/\/baltazarbudapest.com\/wp-content\/uploads\/2023\/10\/map.png&#8221; admin_title=&#8221;t\u00e9rk\u00e9p&#8221; _builder_version=&#8221;4.22.2&#8243; _module_preset=&#8221;default&#8221; global_colors_info=&#8221;{}&#8221; sticky_transition=&#8221;on&#8221;][\/et_pb_slide][\/et_pb_slider][\/et_pb_column][et_pb_column type=&#8221;1_2&#8243; _builder_version=&#8221;4.22.2&#8243; _module_preset=&#8221;default&#8221; global_colors_info=&#8221;{}&#8221;][et_pb_text module_id=&#8221;hi-maintext&#8221; _builder_version=&#8221;4.27.3&#8243; _module_preset=&#8221;default&#8221; text_font=&#8221;BebasNeueBook||||||||&#8221; header_font=&#8221;GeometricSlabserif||||||||&#8221; header_2_font=&#8221;GeometricSlabserif||||||||&#8221; header_3_font=&#8221;BebasNeueBook||||||||&#8221; background_image=&#8221;https:\/\/baltazarbudapest.com\/wp-content\/uploads\/2023\/10\/baltazar-logo-in-text.png&#8221; global_colors_info=&#8221;{}&#8221;]<\/p>\n<h2>Kiv\u00e9teles<br \/>Lok\u00e1ci\u00f3<\/h2>\n<h3>1014 Budapest, Orsz\u00e1gh\u00e1z utca 31.<br \/>Tel: +36 1 300 7051<br \/>hello@baltazarbudapest.com<\/h3>\n<p>[\/et_pb_text][\/et_pb_column][\/et_pb_row][\/et_pb_section][et_pb_section fb_built=&#8221;1&#8243; admin_label=&#8221;Fejl\u00e9c alatti sz\u00f6veg&#8221; module_id=&#8221;main-textbox&#8221; module_class=&#8221;hi-textbox&#8221; _builder_version=&#8221;4.22.2&#8243; _module_preset=&#8221;default&#8221; collapsed=&#8221;off&#8221; global_colors_info=&#8221;{}&#8221;][et_pb_row _builder_version=&#8221;4.22.2&#8243; _module_preset=&#8221;default&#8221; global_colors_info=&#8221;{}&#8221;][et_pb_column type=&#8221;4_4&#8243; _builder_version=&#8221;4.22.2&#8243; _module_preset=&#8221;default&#8221; global_colors_info=&#8221;{}&#8221;][et_pb_text admin_label=&#8221;Transfer to Baltaz\u00e1r&#8221; _builder_version=&#8221;4.27.3&#8243; _module_preset=&#8221;default&#8221; global_colors_info=&#8221;{}&#8221;]<\/p>\n<h2>Transzfer a Baltaz\u00e1rba<\/h2>\n<h3>Vegyen ig\u00e9nybe taxit a rept\u00e9r \u00e9rkez\u00e9si oldal\u00e1r\u00f3l, vagy sz\u00e1lljon fel a 100E buszra, amely a De\u00e1k Ferenc t\u00e9rre k\u00f6zlekedik. Innen sz\u00e1lljon \u00e1t a 16-os buszra, \u00e9s utazzon a B\u00e9csi kapu t\u00e9r meg\u00e1ll\u00f3ig. Szeretettel v\u00e1rjuk \u00d6nt!<\/h3>\n<p>[\/et_pb_text][\/et_pb_column][\/et_pb_row][\/et_pb_section][et_pb_section fb_built=&#8221;1&#8243; admin_label=&#8221;Text + FORM&#8221; module_class=&#8221;hi-text-form&#8221; _builder_version=&#8221;4.22.2&#8243; _module_preset=&#8221;default&#8221; collapsed=&#8221;off&#8221; global_colors_info=&#8221;{}&#8221;][et_pb_row admin_label=&#8221;TITLE&#8221; module_class=&#8221;hi-text-form-title&#8221; _builder_version=&#8221;4.24.2&#8243; _module_preset=&#8221;default&#8221; collapsed=&#8221;off&#8221; global_colors_info=&#8221;{}&#8221;][et_pb_column type=&#8221;4_4&#8243; _builder_version=&#8221;4.22.2&#8243; _module_preset=&#8221;default&#8221; global_colors_info=&#8221;{}&#8221;][et_pb_text _builder_version=&#8221;4.27.3&#8243; _module_preset=&#8221;default&#8221; global_colors_info=&#8221;{}&#8221;]<\/p>\n<h2>K\u00e9rd\u00e9sek &amp; K\u00e9r\u00e9sek<\/h2>\n<p>[\/et_pb_text][\/et_pb_column][\/et_pb_row][et_pb_row column_structure=&#8221;1_2,1_2&#8243; module_class=&#8221;hi-text-form-content&#8221; _builder_version=&#8221;4.22.2&#8243; _module_preset=&#8221;default&#8221; global_colors_info=&#8221;{}&#8221;][et_pb_column type=&#8221;1_2&#8243; _builder_version=&#8221;4.22.2&#8243; _module_preset=&#8221;default&#8221; global_colors_info=&#8221;{}&#8221;][et_pb_text module_class=&#8221;hi-text-form-text&#8221; _builder_version=&#8221;4.27.3&#8243; _module_preset=&#8221;default&#8221; global_colors_info=&#8221;{}&#8221;]<\/p>\n<h2>K\u00e9rd\u00e9sek &amp; K\u00e9r\u00e9sek<\/h2>\n<p>A Baltaz\u00e1r Hotelben mindent megtesz\u00fcnk az\u00e9rt, hogy az itt-tart\u00f3zkod\u00e1sa a lehet\u0151 legkellemesebb legyen. Ha b\u00e1rmilyen k\u00e9rd\u00e9se van, k\u00fcl\u00f6nleges k\u00e9r\u00e9ssel fordulna hozz\u00e1nk, vagy seg\u00edts\u00e9gre van sz\u00fcks\u00e9ge a l\u00e1togat\u00e1sa sor\u00e1n, ne habozzon jelezni! Figyelmes csapatunk k\u00e9szs\u00e9ggel \u00e1ll rendelkez\u00e9s\u00e9re, legyen sz\u00f3 \u00e9ttermi aj\u00e1nl\u00e1sokr\u00f3l vagy szobai ig\u00e9nyeir\u0151l. Az \u00d6n k\u00e9nyelme \u00e9s el\u00e9gedetts\u00e9ge a legfontosabb sz\u00e1munkra, \u00e9s alig v\u00e1rjuk, hogy felejthetetlenn\u00e9 tegy\u00fck az itt t\u00f6lt\u00f6tt id\u0151t.<\/p>\n<p>[\/et_pb_text][\/et_pb_column][et_pb_column type=&#8221;1_2&#8243; _builder_version=&#8221;4.22.2&#8243; _module_preset=&#8221;default&#8221; global_colors_info=&#8221;{}&#8221;][et_pb_text module_class=&#8221;hi-text-form-form&#8221; _builder_version=&#8221;4.27.3&#8243; _module_preset=&#8221;default&#8221; hover_enabled=&#8221;0&#8243; global_colors_info=&#8221;{}&#8221; sticky_enabled=&#8221;0&#8243;]<\/p>\n\n<div class=\"wpcf7 no-js\" id=\"wpcf7-f1979-o1\" lang=\"hu-HU\" dir=\"ltr\" data-wpcf7-id=\"1979\">\n<div class=\"screen-reader-response\"><p role=\"status\" aria-live=\"polite\" aria-atomic=\"true\"><\/p> <ul><\/ul><\/div>\n<form action=\"\/hu\/wp-json\/wp\/v2\/pages\/1852#wpcf7-f1979-o1\" method=\"post\" class=\"wpcf7-form init\" aria-label=\"Kapcsolatfelv\u00e9teli \u0171rlap\" novalidate=\"novalidate\" data-status=\"init\">\n<fieldset class=\"hidden-fields-container\"><input type=\"hidden\" name=\"_wpcf7\" value=\"1979\" \/><input type=\"hidden\" name=\"_wpcf7_version\" value=\"6.1.5\" \/><input type=\"hidden\" name=\"_wpcf7_locale\" value=\"hu_HU\" \/><input type=\"hidden\" name=\"_wpcf7_unit_tag\" value=\"wpcf7-f1979-o1\" \/><input type=\"hidden\" name=\"_wpcf7_container_post\" value=\"0\" \/><input type=\"hidden\" name=\"_wpcf7_posted_data_hash\" value=\"\" \/><input type=\"hidden\" name=\"_wpcf7_recaptcha_response\" value=\"\" \/>\n<\/fieldset>\n<div class=\"hi-form\">\n<input class=\"wpcf7-form-control wpcf7-hidden\" value=\"Contact request\" type=\"hidden\" name=\"your-subject\" \/>\n\t<div class=\"hi-form-row\">\n\t\t<p><label>N\u00e9v<span>*<\/span> <span class=\"wpcf7-form-control-wrap\" data-name=\"your-name\"><input size=\"40\" maxlength=\"400\" class=\"wpcf7-form-control wpcf7-text wpcf7-validates-as-required\" autocomplete=\"name\" aria-required=\"true\" aria-invalid=\"false\" value=\"\" type=\"text\" name=\"your-name\" \/><\/span><\/label>\n\t\t<\/p>\n\t<\/div>\n\t<div class=\"hi-form-row\">\n\t\t<div>\n\t\t\t<p><label>Email<span>*<\/span> <span class=\"wpcf7-form-control-wrap\" data-name=\"your-email\"><input size=\"40\" maxlength=\"400\" class=\"wpcf7-form-control wpcf7-email wpcf7-validates-as-required wpcf7-text wpcf7-validates-as-email\" autocomplete=\"email\" aria-required=\"true\" aria-invalid=\"false\" value=\"\" type=\"email\" name=\"your-email\" \/><\/span> <\/label>\n\t\t\t<\/p>\n\t\t<\/div>\n\t\t<div>\n\t\t\t<p><label>Telefon<span>*<\/span> <span class=\"wpcf7-form-control-wrap\" data-name=\"your-phone\"><input size=\"40\" maxlength=\"400\" class=\"wpcf7-form-control wpcf7-text wpcf7-validates-as-required\" autocomplete=\"phone\" aria-required=\"true\" aria-invalid=\"false\" value=\"\" type=\"text\" name=\"your-phone\" \/><\/span> <\/label>\n\t\t\t<\/p>\n\t\t<\/div>\n\t<\/div>\n\t<div class=\"hi-form-row\">\n\t\t<p><label>\u00dczenet<span class=\"wpcf7-form-control-wrap\" data-name=\"your-message\"><textarea cols=\"40\" rows=\"10\" maxlength=\"2000\" class=\"wpcf7-form-control wpcf7-textarea\" aria-invalid=\"false\" name=\"your-message\"><\/textarea><\/span> <\/label>\n\t\t<\/p>\n\t<\/div>\n\t<div class=\"hi-form-row hi-form-row-submit\">\n\t\t<p><button class=\"wpcf7-form-control wpcf7-submit has-spinner et_pb_button et_pb_bg_layout_light\" type=\"submit\" value=\"K\u00fcld\u00e9s\">K\u00fcld\u00e9s<\/button>\n\t\t<\/p>\n\t<\/div>\n<\/div><div class=\"wpcf7-response-output\" aria-hidden=\"true\"><\/div>\n<\/form>\n<\/div>\n\n<p>[\/et_pb_text][\/et_pb_column][\/et_pb_row][\/et_pb_section][et_pb_section fb_built=&#8221;1&#8243; admin_label=&#8221;NEON &#8211; From Budapest with Love&#8221; module_class=&#8221;hi-sixbox&#8221; _builder_version=&#8221;4.22.2&#8243; _module_preset=&#8221;default&#8221; background_image=&#8221;https:\/\/baltazarbudapest.com\/wp-content\/uploads\/2023\/10\/picture-in-bed.png&#8221; collapsed=&#8221;off&#8221; global_colors_info=&#8221;{}&#8221;][et_pb_row admin_label=&#8221;hi-sixboxtop&#8221; module_class=&#8221;hi-sixboxtop&#8221; _builder_version=&#8221;4.22.2&#8243; _module_preset=&#8221;default&#8221; collapsed=&#8221;off&#8221; global_colors_info=&#8221;{}&#8221;][et_pb_column type=&#8221;4_4&#8243; _builder_version=&#8221;4.22.2&#8243; _module_preset=&#8221;default&#8221; global_colors_info=&#8221;{}&#8221;][et_pb_text admin_label=&#8221;Title&#8221; module_class=&#8221;hi-sixbox-title&#8221; _builder_version=&#8221;4.22.2&#8243; _module_preset=&#8221;default&#8221; text_font=&#8221;BaligScript||||||||&#8221; global_colors_info=&#8221;{}&#8221;]<\/p>\n<h2>From Budapest with Love<\/h2>\n<p>[\/et_pb_text][et_pb_button button_text=&#8221;H\u00edrek&#8221; admin_label=&#8221;H\u00edrek gomb &#8211; glob\u00e1lis&#8221; module_class=&#8221;hi-button&#8221; _builder_version=&#8221;4.27.3&#8243; _module_preset=&#8221;default&#8221; global_module=&#8221;1958&#8243; saved_tabs=&#8221;all&#8221; global_colors_info=&#8221;{}&#8221;][\/et_pb_button][\/et_pb_column][\/et_pb_row][et_pb_row column_structure=&#8221;1_6,1_6,1_6,1_6,1_6,1_6&#8243; disabled_on=&#8221;on|on|on&#8221; admin_label=&#8221;hi-sixbox-images&#8221; module_class=&#8221;hi-sixbox-images&#8221; _builder_version=&#8221;4.22.2&#8243; _module_preset=&#8221;default&#8221; disabled=&#8221;on&#8221; collapsed=&#8221;on&#8221; global_colors_info=&#8221;{}&#8221;][et_pb_column type=&#8221;1_6&#8243; _builder_version=&#8221;4.22.2&#8243; _module_preset=&#8221;default&#8221; global_colors_info=&#8221;{}&#8221;][et_pb_image src=&#8221;https:\/\/baltazarbudapest.com\/wp-content\/uploads\/2023\/10\/6box-forbes-1.png&#8221; title_text=&#8221;6box-forbes&#8221; url=&#8221;https:\/\/www.forbes.hu&#8221; url_new_window=&#8221;on&#8221; _builder_version=&#8221;4.22.2&#8243; _module_preset=&#8221;default&#8221; global_colors_info=&#8221;{}&#8221;][\/et_pb_image][\/et_pb_column][et_pb_column type=&#8221;1_6&#8243; _builder_version=&#8221;4.22.2&#8243; _module_preset=&#8221;default&#8221; global_colors_info=&#8221;{}&#8221;][et_pb_image src=&#8221;https:\/\/baltazarbudapest.com\/wp-content\/uploads\/2023\/10\/6box-michelin-guide-1.png&#8221; title_text=&#8221;6box-michelin-guide&#8221; url=&#8221;https:\/\/guide.michelin.com\/en\/hu\/central-hungary\/budapest\/&#8221; url_new_window=&#8221;on&#8221; _builder_version=&#8221;4.22.2&#8243; _module_preset=&#8221;default&#8221; global_colors_info=&#8221;{}&#8221;][\/et_pb_image][\/et_pb_column][et_pb_column type=&#8221;1_6&#8243; _builder_version=&#8221;4.22.2&#8243; _module_preset=&#8221;default&#8221; global_colors_info=&#8221;{}&#8221;][et_pb_image src=&#8221;https:\/\/baltazarbudapest.com\/wp-content\/uploads\/2023\/10\/6box-designboom-1.png&#8221; title_text=&#8221;6box-designboom&#8221; url=&#8221;https:\/\/www.designboom.com\/tag\/architecture-in-hungary\/&#8221; url_new_window=&#8221;on&#8221; _builder_version=&#8221;4.22.2&#8243; _module_preset=&#8221;default&#8221; global_colors_info=&#8221;{}&#8221;][\/et_pb_image][\/et_pb_column][et_pb_column type=&#8221;1_6&#8243; _builder_version=&#8221;4.22.2&#8243; _module_preset=&#8221;default&#8221; global_colors_info=&#8221;{}&#8221;][et_pb_image src=&#8221;https:\/\/baltazarbudapest.com\/wp-content\/uploads\/2023\/10\/6box-tripadvisor-1.png&#8221; title_text=&#8221;6box-tripadvisor&#8221; url=&#8221;https:\/\/www.tripadvisor.com\/Tourism-g274887-Budapest_Central_Hungary-Vacations.html&#8221; url_new_window=&#8221;on&#8221; _builder_version=&#8221;4.22.2&#8243; _module_preset=&#8221;default&#8221; global_colors_info=&#8221;{}&#8221;][\/et_pb_image][\/et_pb_column][et_pb_column type=&#8221;1_6&#8243; _builder_version=&#8221;4.22.2&#8243; _module_preset=&#8221;default&#8221; global_colors_info=&#8221;{}&#8221;][et_pb_image src=&#8221;https:\/\/baltazarbudapest.com\/wp-content\/uploads\/2023\/10\/6box-vogue-1.png&#8221; title_text=&#8221;6box-vogue&#8221; url=&#8221;https:\/\/www.vogue.com\/magazine&#8221; url_new_window=&#8221;on&#8221; _builder_version=&#8221;4.22.2&#8243; _module_preset=&#8221;default&#8221; global_colors_info=&#8221;{}&#8221;][\/et_pb_image][\/et_pb_column][et_pb_column type=&#8221;1_6&#8243; _builder_version=&#8221;4.22.2&#8243; _module_preset=&#8221;default&#8221; global_colors_info=&#8221;{}&#8221;][et_pb_image src=&#8221;https:\/\/baltazarbudapest.com\/wp-content\/uploads\/2023\/10\/6box-wallpaper-1.png&#8221; title_text=&#8221;6box-wallpaper&#8221; url=&#8221;https:\/\/www.wallpaper.com\/&#8221; url_new_window=&#8221;on&#8221; _builder_version=&#8221;4.22.2&#8243; _module_preset=&#8221;default&#8221; global_colors_info=&#8221;{}&#8221;][\/et_pb_image][\/et_pb_column][\/et_pb_row][\/et_pb_section]<\/p>\n","protected":false},"excerpt":{"rendered":"<p>Kiv\u00e9telesLok\u00e1ci\u00f3 1014 Budapest, Orsz\u00e1gh\u00e1z utca 31.Tel: +36 1 300 7051hello@baltazarbudapest.comTranszfer a Baltaz\u00e1rba Vegyen ig\u00e9nybe taxit a rept\u00e9r \u00e9rkez\u00e9si oldal\u00e1r\u00f3l, vagy sz\u00e1lljon fel a 100E buszra, amely a De\u00e1k Ferenc t\u00e9rre k\u00f6zlekedik. Innen sz\u00e1lljon \u00e1t a 16-os buszra, \u00e9s utazzon a B\u00e9csi kapu t\u00e9r meg\u00e1ll\u00f3ig. Szeretettel v\u00e1rjuk \u00d6nt!K\u00e9rd\u00e9sek &amp; K\u00e9r\u00e9sekK\u00e9rd\u00e9sek &amp; K\u00e9r\u00e9sek A Baltaz\u00e1r Hotelben mindent megtesz\u00fcnk az\u00e9rt, hogy az itt-tart\u00f3zkod\u00e1sa a lehet\u0151 legkellemesebb legyen. Ha b\u00e1rmilyen k\u00e9rd\u00e9se van, k\u00fcl\u00f6nleges k\u00e9r\u00e9ssel fordulna hozz\u00e1nk, vagy seg\u00edts\u00e9gre van sz\u00fcks\u00e9ge a l\u00e1togat\u00e1sa sor\u00e1n, ne habozzon jelezni! Figyelmes csapatunk k\u00e9szs\u00e9ggel \u00e1ll rendelkez\u00e9s\u00e9re, legyen sz\u00f3 \u00e9ttermi aj\u00e1nl\u00e1sokr\u00f3l vagy szobai ig\u00e9nyeir\u0151l. Az \u00d6n k\u00e9nyelme \u00e9s el\u00e9gedetts\u00e9ge a legfontosabb sz\u00e1munkra, \u00e9s alig v\u00e1rjuk, hogy felejthetetlenn\u00e9 tegy\u00fck az itt t\u00f6lt\u00f6tt id\u0151t.\n<div class=\"wpcf7 no-js\" id=\"wpcf7-f1979-o2\" lang=\"hu-HU\" dir=\"ltr\" data-wpcf7-id=\"1979\">\n<div class=\"screen-reader-response\"><p role=\"status\" aria-live=\"polite\" aria-atomic=\"true\"><\/p> <ul><\/ul><\/div>\n<form action=\"\/hu\/wp-json\/wp\/v2\/pages\/1852#wpcf7-f1979-o2\" method=\"post\" class=\"wpcf7-form init\" aria-label=\"Kapcsolatfelv\u00e9teli \u0171rlap\" novalidate=\"novalidate\" data-status=\"init\">\n<fieldset class=\"hidden-fields-container\"><input type=\"hidden\" name=\"_wpcf7\" value=\"1979\" \/><input type=\"hidden\" name=\"_wpcf7_version\" value=\"6.1.5\" \/><input type=\"hidden\" name=\"_wpcf7_locale\" value=\"hu_HU\" \/><input type=\"hidden\" name=\"_wpcf7_unit_tag\" value=\"wpcf7-f1979-o2\" \/><input type=\"hidden\" name=\"_wpcf7_container_post\" value=\"0\" \/><input type=\"hidden\" name=\"_wpcf7_posted_data_hash\" value=\"\" \/><input type=\"hidden\" name=\"_wpcf7_recaptcha_response\" value=\"\" \/>\n<\/fieldset>\n<div class=\"hi-form\">\n<input class=\"wpcf7-form-control wpcf7-hidden\" value=\"Contact request\" type=\"hidden\" name=\"your-subject\" \/>\n\t<div class=\"hi-form-row\">\n\t\t<p><label>N\u00e9v<span>*<\/span> <span class=\"wpcf7-form-control-wrap\" data-name=\"your-name\"><input size=\"40\" maxlength=\"400\" class=\"wpcf7-form-control wpcf7-text wpcf7-validates-as-required\" autocomplete=\"name\" aria-required=\"true\" aria-invalid=\"false\" value=\"\" type=\"text\" name=\"your-name\" \/><\/span><\/label>\n\t\t<\/p>\n\t<\/div>\n\t<div class=\"hi-form-row\">\n\t\t<div>\n\t\t\t<p><label>Email<span>*<\/span> <span class=\"wpcf7-form-control-wrap\" data-name=\"your-email\"><input size=\"40\" maxlength=\"400\" class=\"wpcf7-form-control wpcf7-email wpcf7-validates-as-required wpcf7-text wpcf7-validates-as-email\" autocomplete=\"email\" aria-required=\"true\" aria-invalid=\"false\" value=\"\" type=\"email\" name=\"your-email\" \/><\/span> <\/label>\n\t\t\t<\/p>\n\t\t<\/div>\n\t\t<div>\n\t\t\t<p><label>Telefon<span>*<\/span> <span class=\"wpcf7-form-control-wrap\" data-name=\"your-phone\"><input size=\"40\" maxlength=\"400\" class=\"wpcf7-form-control wpcf7-text wpcf7-validates-as-required\" autocomplete=\"phone\" aria-required=\"true\" aria-invalid=\"false\" value=\"\" type=\"text\" name=\"your-phone\" \/><\/span> <\/label>\n\t\t\t<\/p>\n\t\t<\/div>\n\t<\/div>\n\t<div class=\"hi-form-row\">\n\t\t<p><label>\u00dczenet<span class=\"wpcf7-form-control-wrap\" data-name=\"your-message\"><textarea cols=\"40\" rows=\"10\" maxlength=\"2000\" class=\"wpcf7-form-control wpcf7-textarea\" aria-invalid=\"false\" name=\"your-message\"><\/textarea><\/span> <\/label>\n\t\t<\/p>\n\t<\/div>\n\t<div class=\"hi-form-row hi-form-row-submit\">\n\t\t<p><button class=\"wpcf7-form-control wpcf7-submit has-spinner et_pb_button et_pb_bg_layout_light\" type=\"submit\" value=\"K\u00fcld\u00e9s\">K\u00fcld\u00e9s<\/button>\n\t\t<\/p>\n\t<\/div>\n<\/div><div class=\"wpcf7-response-output\" aria-hidden=\"true\"><\/div>\n<\/form>\n<\/div>\nFrom Budapest with Love<\/p>\n","protected":false},"author":1,"featured_media":0,"parent":0,"menu_order":0,"comment_status":"closed","ping_status":"closed","template":"","meta":{"_acf_changed":false,"_et_pb_use_builder":"on","_et_pb_old_content":"","_et_gb_content_width":"","footnotes":""},"class_list":["post-1852","page","type-page","status-publish","hentry"],"acf":[],"yoast_head":"<!-- This site is optimized with the Yoast SEO plugin v27.3 - https:\/\/yoast.com\/product\/yoast-seo-wordpress\/ -->\n<title>Kapcsolat - Balthazar Hotel<\/title>\n<meta name=\"robots\" content=\"index, follow, max-snippet:-1, max-image-preview:large, max-video-preview:-1\" \/>\n<link rel=\"canonical\" href=\"https:\/\/baltazarbudapest.com\/hu\/kapcsolat\/\" \/>\n<meta property=\"og:locale\" content=\"hu_HU\" \/>\n<meta property=\"og:type\" content=\"article\" \/>\n<meta property=\"og:title\" content=\"Kapcsolat - Balthazar Hotel\" \/>\n<meta property=\"og:description\" content=\"Kiv\u00e9telesLok\u00e1ci\u00f3 1014 Budapest, Orsz\u00e1gh\u00e1z utca 31.Tel: +36 1 300 7051hello@baltazarbudapest.comTranszfer a Baltaz\u00e1rba Vegyen ig\u00e9nybe taxit a rept\u00e9r \u00e9rkez\u00e9si oldal\u00e1r\u00f3l, vagy sz\u00e1lljon fel a 100E buszra, amely a De\u00e1k Ferenc t\u00e9rre k\u00f6zlekedik. Innen sz\u00e1lljon \u00e1t a 16-os buszra, \u00e9s utazzon a B\u00e9csi kapu t\u00e9r meg\u00e1ll\u00f3ig. Szeretettel v\u00e1rjuk \u00d6nt!K\u00e9rd\u00e9sek &amp; K\u00e9r\u00e9sekK\u00e9rd\u00e9sek &amp; K\u00e9r\u00e9sek A Baltaz\u00e1r Hotelben mindent megtesz\u00fcnk az\u00e9rt, hogy az itt-tart\u00f3zkod\u00e1sa a lehet\u0151 legkellemesebb legyen. Ha b\u00e1rmilyen k\u00e9rd\u00e9se van, k\u00fcl\u00f6nleges k\u00e9r\u00e9ssel fordulna hozz\u00e1nk, vagy seg\u00edts\u00e9gre van sz\u00fcks\u00e9ge a l\u00e1togat\u00e1sa sor\u00e1n, ne habozzon jelezni! Figyelmes csapatunk k\u00e9szs\u00e9ggel \u00e1ll rendelkez\u00e9s\u00e9re, legyen sz\u00f3 \u00e9ttermi aj\u00e1nl\u00e1sokr\u00f3l vagy szobai ig\u00e9nyeir\u0151l. Az \u00d6n k\u00e9nyelme \u00e9s el\u00e9gedetts\u00e9ge a legfontosabb sz\u00e1munkra, \u00e9s alig v\u00e1rjuk, hogy felejthetetlenn\u00e9 tegy\u00fck az itt t\u00f6lt\u00f6tt id\u0151t.From Budapest with Love\" \/>\n<meta property=\"og:url\" content=\"https:\/\/baltazarbudapest.com\/hu\/kapcsolat\/\" \/>\n<meta property=\"og:site_name\" content=\"Balthazar Hotel\" \/>\n<meta property=\"article:modified_time\" content=\"2024-12-02T14:06:03+00:00\" \/>\n<meta name=\"twitter:card\" content=\"summary_large_image\" \/>\n<meta name=\"twitter:label1\" content=\"Becs\u00fclt olvas\u00e1si id\u0151\" \/>\n\t<meta name=\"twitter:data1\" content=\"1 perc\" \/>\n<script type=\"application\/ld+json\" class=\"yoast-schema-graph\">{\"@context\":\"https:\\\/\\\/schema.org\",\"@graph\":[{\"@type\":\"WebPage\",\"@id\":\"https:\\\/\\\/baltazarbudapest.com\\\/hu\\\/kapcsolat\\\/\",\"url\":\"https:\\\/\\\/baltazarbudapest.com\\\/hu\\\/kapcsolat\\\/\",\"name\":\"Kapcsolat - Balthazar Hotel\",\"isPartOf\":{\"@id\":\"https:\\\/\\\/baltazarbudapest.com\\\/#website\"},\"datePublished\":\"2023-10-27T10:14:33+00:00\",\"dateModified\":\"2024-12-02T14:06:03+00:00\",\"inLanguage\":\"hu\",\"potentialAction\":[{\"@type\":\"ReadAction\",\"target\":[\"https:\\\/\\\/baltazarbudapest.com\\\/hu\\\/kapcsolat\\\/\"]}]},{\"@type\":\"WebSite\",\"@id\":\"https:\\\/\\\/baltazarbudapest.com\\\/#website\",\"url\":\"https:\\\/\\\/baltazarbudapest.com\\\/\",\"name\":\"Balthazar Hotel\",\"description\":\"\",\"potentialAction\":[{\"@type\":\"SearchAction\",\"target\":{\"@type\":\"EntryPoint\",\"urlTemplate\":\"https:\\\/\\\/baltazarbudapest.com\\\/?s={search_term_string}\"},\"query-input\":{\"@type\":\"PropertyValueSpecification\",\"valueRequired\":true,\"valueName\":\"search_term_string\"}}],\"inLanguage\":\"hu\"}]}<\/script>\n<!-- \/ Yoast SEO plugin. -->","yoast_head_json":{"title":"Kapcsolat - Balthazar Hotel","robots":{"index":"index","follow":"follow","max-snippet":"max-snippet:-1","max-image-preview":"max-image-preview:large","max-video-preview":"max-video-preview:-1"},"canonical":"https:\/\/baltazarbudapest.com\/hu\/kapcsolat\/","og_locale":"hu_HU","og_type":"article","og_title":"Kapcsolat - Balthazar Hotel","og_description":"Kiv\u00e9telesLok\u00e1ci\u00f3 1014 Budapest, Orsz\u00e1gh\u00e1z utca 31.Tel: +36 1 300 7051hello@baltazarbudapest.comTranszfer a Baltaz\u00e1rba Vegyen ig\u00e9nybe taxit a rept\u00e9r \u00e9rkez\u00e9si oldal\u00e1r\u00f3l, vagy sz\u00e1lljon fel a 100E buszra, amely a De\u00e1k Ferenc t\u00e9rre k\u00f6zlekedik. Innen sz\u00e1lljon \u00e1t a 16-os buszra, \u00e9s utazzon a B\u00e9csi kapu t\u00e9r meg\u00e1ll\u00f3ig. Szeretettel v\u00e1rjuk \u00d6nt!K\u00e9rd\u00e9sek &amp; K\u00e9r\u00e9sekK\u00e9rd\u00e9sek &amp; K\u00e9r\u00e9sek A Baltaz\u00e1r Hotelben mindent megtesz\u00fcnk az\u00e9rt, hogy az itt-tart\u00f3zkod\u00e1sa a lehet\u0151 legkellemesebb legyen. Ha b\u00e1rmilyen k\u00e9rd\u00e9se van, k\u00fcl\u00f6nleges k\u00e9r\u00e9ssel fordulna hozz\u00e1nk, vagy seg\u00edts\u00e9gre van sz\u00fcks\u00e9ge a l\u00e1togat\u00e1sa sor\u00e1n, ne habozzon jelezni! Figyelmes csapatunk k\u00e9szs\u00e9ggel \u00e1ll rendelkez\u00e9s\u00e9re, legyen sz\u00f3 \u00e9ttermi aj\u00e1nl\u00e1sokr\u00f3l vagy szobai ig\u00e9nyeir\u0151l. Az \u00d6n k\u00e9nyelme \u00e9s el\u00e9gedetts\u00e9ge a legfontosabb sz\u00e1munkra, \u00e9s alig v\u00e1rjuk, hogy felejthetetlenn\u00e9 tegy\u00fck az itt t\u00f6lt\u00f6tt id\u0151t.From Budapest with Love","og_url":"https:\/\/baltazarbudapest.com\/hu\/kapcsolat\/","og_site_name":"Balthazar Hotel","article_modified_time":"2024-12-02T14:06:03+00:00","twitter_card":"summary_large_image","twitter_misc":{"Becs\u00fclt olvas\u00e1si id\u0151":"1 perc"},"schema":{"@context":"https:\/\/schema.org","@graph":[{"@type":"WebPage","@id":"https:\/\/baltazarbudapest.com\/hu\/kapcsolat\/","url":"https:\/\/baltazarbudapest.com\/hu\/kapcsolat\/","name":"Kapcsolat - Balthazar Hotel","isPartOf":{"@id":"https:\/\/baltazarbudapest.com\/#website"},"datePublished":"2023-10-27T10:14:33+00:00","dateModified":"2024-12-02T14:06:03+00:00","inLanguage":"hu","potentialAction":[{"@type":"ReadAction","target":["https:\/\/baltazarbudapest.com\/hu\/kapcsolat\/"]}]},{"@type":"WebSite","@id":"https:\/\/baltazarbudapest.com\/#website","url":"https:\/\/baltazarbudapest.com\/","name":"Balthazar Hotel","description":"","potentialAction":[{"@type":"SearchAction","target":{"@type":"EntryPoint","urlTemplate":"https:\/\/baltazarbudapest.com\/?s={search_term_string}"},"query-input":{"@type":"PropertyValueSpecification","valueRequired":true,"valueName":"search_term_string"}}],"inLanguage":"hu"}]}},"_links":{"self":[{"href":"https:\/\/baltazarbudapest.com\/hu\/wp-json\/wp\/v2\/pages\/1852","targetHints":{"allow":["GET"]}}],"collection":[{"href":"https:\/\/baltazarbudapest.com\/hu\/wp-json\/wp\/v2\/pages"}],"about":[{"href":"https:\/\/baltazarbudapest.com\/hu\/wp-json\/wp\/v2\/types\/page"}],"author":[{"embeddable":true,"href":"https:\/\/baltazarbudapest.com\/hu\/wp-json\/wp\/v2\/users\/1"}],"replies":[{"embeddable":true,"href":"https:\/\/baltazarbudapest.com\/hu\/wp-json\/wp\/v2\/comments?post=1852"}],"version-history":[{"count":5,"href":"https:\/\/baltazarbudapest.com\/hu\/wp-json\/wp\/v2\/pages\/1852\/revisions"}],"predecessor-version":[{"id":1980,"href":"https:\/\/baltazarbudapest.com\/hu\/wp-json\/wp\/v2\/pages\/1852\/revisions\/1980"}],"wp:attachment":[{"href":"https:\/\/baltazarbudapest.com\/hu\/wp-json\/wp\/v2\/media?parent=1852"}],"curies":[{"name":"wp","href":"https:\/\/api.w.org\/{rel}","templated":true}]}}