{"id":1863,"date":"2023-10-30T13:48:10","date_gmt":"2023-10-30T12:48:10","guid":{"rendered":"https:\/\/baltazarbudapest.com\/gallery\/"},"modified":"2025-01-30T11:53:34","modified_gmt":"2025-01-30T10:53:34","slug":"galeria","status":"publish","type":"page","link":"https:\/\/baltazarbudapest.com\/hu\/galeria\/","title":{"rendered":"Gal\u00e9ria"},"content":{"rendered":"<p>[et_pb_section fb_built=&#8221;1&#8243; admin_label=&#8221;Nyit\u00f3szakasz + hi-main-right&#8221; module_id=&#8221;hi-main&#8221; module_class=&#8221;hi-main-right&#8221; _builder_version=&#8221;4.24.2&#8243; _module_preset=&#8221;default&#8221; collapsed=&#8221;off&#8221; global_colors_info=&#8221;{}&#8221;][et_pb_row column_structure=&#8221;1_2,1_2&#8243; make_equal=&#8221;on&#8221; _builder_version=&#8221;4.22.2&#8243; _module_preset=&#8221;default&#8221; custom_margin=&#8221;0px|0px|0px|0px|false|false&#8221; custom_padding=&#8221;0px|0px|0px|0px|false|false&#8221; global_colors_info=&#8221;{}&#8221;][et_pb_column type=&#8221;1_2&#8243; _builder_version=&#8221;4.22.2&#8243; _module_preset=&#8221;default&#8221; global_colors_info=&#8221;{}&#8221;][et_pb_slider module_class=&#8221;hi-lapozo&#8221; _builder_version=&#8221;4.22.2&#8243; _module_preset=&#8221;default&#8221; animation_style=&#8221;slide&#8221; saved_tabs=&#8221;all&#8221; global_colors_info=&#8221;{}&#8221;][et_pb_slide image=&#8221;https:\/\/baltazarbudapest.com\/wp-content\/uploads\/2023\/10\/gallery-head.png&#8221; admin_title=&#8221;gal\u00e9ria nyit\u00f3k\u00e9p&#8221; _builder_version=&#8221;4.22.2&#8243; _module_preset=&#8221;default&#8221; global_colors_info=&#8221;{}&#8221; sticky_transition=&#8221;on&#8221;][\/et_pb_slide][\/et_pb_slider][\/et_pb_column][et_pb_column type=&#8221;1_2&#8243; _builder_version=&#8221;4.22.2&#8243; _module_preset=&#8221;default&#8221; global_colors_info=&#8221;{}&#8221;][et_pb_text module_id=&#8221;hi-maintext&#8221; _builder_version=&#8221;4.24.2&#8243; _module_preset=&#8221;default&#8221; text_font=&#8221;BebasNeueBook||||||||&#8221; header_font=&#8221;GeometricSlabserif||||||||&#8221; header_2_font=&#8221;GeometricSlabserif||||||||&#8221; header_3_font=&#8221;BebasNeueBook||||||||&#8221; background_image=&#8221;https:\/\/baltazarbudapest.com\/wp-content\/uploads\/2023\/10\/baltazar-logo-in-text.png&#8221; global_colors_info=&#8221;{}&#8221;]<\/p>\n<h2>GALLERY<\/h2>\n<h3>As one crosses the doorstep of our welcoming and stylish boutique hotels<br \/>in the heart of Castle district, he will find himself wrapped in a warm,<br \/>out-of-time atmosphere where travellers from all over the world may entrust to the friendly cares of the staff and find singular experience.<\/h3>\n<p>[\/et_pb_text][\/et_pb_column][\/et_pb_row][\/et_pb_section][et_pb_section fb_built=&#8221;1&#8243; admin_label=&#8221;THIRD-MENU&#8221; module_class=&#8221;hi-thirdmenu&#8221; _builder_version=&#8221;4.22.2&#8243; _module_preset=&#8221;default&#8221; collapsed=&#8221;on&#8221; global_colors_info=&#8221;{}&#8221;][et_pb_row _builder_version=&#8221;4.22.2&#8243; _module_preset=&#8221;default&#8221; collapsed=&#8221;off&#8221; global_colors_info=&#8221;{}&#8221;][et_pb_column type=&#8221;4_4&#8243; _builder_version=&#8221;4.22.2&#8243; _module_preset=&#8221;default&#8221; global_colors_info=&#8221;{}&#8221;][et_pb_text admin_label=&#8221;Baltaz\u00e1r Life | Rooms | Suites | Dining | Video&#8221; _builder_version=&#8221;4.22.2&#8243; _module_preset=&#8221;default&#8221; global_colors_info=&#8221;{}&#8221;]<\/p>\n<ul>\n<li><a href=\"#\">Baltaz\u00e1r Life<\/a><\/li>\n<li><a href=\"#\">Rooms<\/a><\/li>\n<li><a href=\"#\">Suites<\/a><\/li>\n<li><a href=\"#\">Dining<\/a><\/li>\n<li><a href=\"#\">Video<\/a><\/li>\n<\/ul>\n<p>[\/et_pb_text][\/et_pb_column][\/et_pb_row][\/et_pb_section][et_pb_section fb_built=&#8221;1&#8243; admin_label=&#8221;Csemp\u00e9s k\u00e9plista&#8221; module_class=&#8221;hi-mlist-holder&#8221; _builder_version=&#8221;4.22.2&#8243; _module_preset=&#8221;default&#8221; collapsed=&#8221;off&#8221; global_colors_info=&#8221;{}&#8221;][et_pb_row _builder_version=&#8221;4.22.2&#8243; _module_preset=&#8221;default&#8221; global_colors_info=&#8221;{}&#8221;][et_pb_column type=&#8221;4_4&#8243; _builder_version=&#8221;4.22.2&#8243; _module_preset=&#8221;default&#8221; global_colors_info=&#8221;{}&#8221;][et_pb_gallery gallery_ids=&#8221;442,142,449,409,497,144,416,420,422,424&#8243; posts_number=&#8221;999&#8243; show_title_and_caption=&#8221;off&#8221; admin_label=&#8221;Gal\u00e9ria: Baltaz\u00e1r life&#8221; module_id=&#8221;gallery-dining&#8221; module_class=&#8221;hi-mlist&#8221; _builder_version=&#8221;4.22.2&#8243; _module_preset=&#8221;default&#8221; custom_margin=&#8221;0px|0px|0px|0px|false|false&#8221; global_colors_info=&#8221;{}&#8221;][\/et_pb_gallery][et_pb_gallery gallery_ids=&#8221;24,244,727,693,541,534&#8243; posts_number=&#8221;999&#8243; show_title_and_caption=&#8221;off&#8221; admin_label=&#8221;Gal\u00e9ria: Rooms&#8221; module_id=&#8221;gallery-rooms&#8221; module_class=&#8221;hi-mlist&#8221; _builder_version=&#8221;4.22.2&#8243; _module_preset=&#8221;default&#8221; custom_margin=&#8221;0px|0px|0px|0px|false|false&#8221; global_colors_info=&#8221;{}&#8221;][\/et_pb_gallery][et_pb_gallery gallery_ids=&#8221;449,454,684,677,600,561,492,532,409&#8243; posts_number=&#8221;999&#8243; show_title_and_caption=&#8221;off&#8221; admin_label=&#8221;Gal\u00e9ria: Suites&#8221; module_id=&#8221;gallery-suites&#8221; module_class=&#8221;hi-mlist&#8221; _builder_version=&#8221;4.27.4&#8243; _module_preset=&#8221;default&#8221; custom_margin=&#8221;0px|0px|0px|0px|false|false&#8221; global_colors_info=&#8221;{}&#8221;][\/et_pb_gallery][et_pb_gallery gallery_ids=&#8221;449,454,684,677,600,561,492,532,409&#8243; posts_number=&#8221;999&#8243; show_title_and_caption=&#8221;off&#8221; admin_label=&#8221;Gal\u00e9ria: Dining&#8221; module_id=&#8221;gallery-dining&#8221; module_class=&#8221;hi-mlist&#8221; _builder_version=&#8221;4.27.4&#8243; _module_preset=&#8221;default&#8221; custom_margin=&#8221;0px|0px|0px|0px|false|false&#8221; hover_enabled=&#8221;0&#8243; global_colors_info=&#8221;{}&#8221; sticky_enabled=&#8221;0&#8243;][\/et_pb_gallery][et_pb_button button_url=&#8221;#&#8221; button_text=&#8221;Load more&#8221; disabled_on=&#8221;on|on|on&#8221; module_class=&#8221;hi-button hi-button-noarrow&#8221; _builder_version=&#8221;4.22.2&#8243; _module_preset=&#8221;default&#8221; disabled=&#8221;on&#8221; global_colors_info=&#8221;{}&#8221;][\/et_pb_button][\/et_pb_column][\/et_pb_row][et_pb_row admin_label=&#8221;Videos&#8221; module_id=&#8221;gallery-videos&#8221; _builder_version=&#8221;4.27.3&#8243; _module_preset=&#8221;default&#8221; global_colors_info=&#8221;{}&#8221; theme_builder_area=&#8221;post_content&#8221;][et_pb_column type=&#8221;4_4&#8243; _builder_version=&#8221;4.27.3&#8243; _module_preset=&#8221;default&#8221; global_colors_info=&#8221;{}&#8221; theme_builder_area=&#8221;post_content&#8221;][et_pb_video src=&#8221;https:\/\/baltazarbudapest.com\/wp-content\/uploads\/2024\/10\/romantic-getaway-budapest.mp4&#8243; _builder_version=&#8221;4.27.3&#8243; _module_preset=&#8221;default&#8221; global_colors_info=&#8221;{}&#8221; theme_builder_area=&#8221;post_content&#8221;][\/et_pb_video][et_pb_video src=&#8221;https:\/\/baltazarbudapest.com\/wp-content\/uploads\/2024\/10\/memorable-boutique-stay-budapest.mp4&#8243; _builder_version=&#8221;4.27.3&#8243; _module_preset=&#8221;default&#8221; global_colors_info=&#8221;{}&#8221; theme_builder_area=&#8221;post_content&#8221;][\/et_pb_video][et_pb_video src=&#8221;https:\/\/baltazarbudapest.com\/wp-content\/uploads\/2024\/10\/boutique-hotel-budapest-3.mp4&#8243; _builder_version=&#8221;4.27.3&#8243; _module_preset=&#8221;default&#8221; global_colors_info=&#8221;{}&#8221; theme_builder_area=&#8221;post_content&#8221;][\/et_pb_video][et_pb_video src=&#8221;https:\/\/baltazarbudapest.com\/wp-content\/uploads\/2024\/10\/boutique-hotel-budapest-2.mp4&#8243; _builder_version=&#8221;4.27.3&#8243; _module_preset=&#8221;default&#8221; global_colors_info=&#8221;{}&#8221; theme_builder_area=&#8221;post_content&#8221;][\/et_pb_video][et_pb_video src=&#8221;https:\/\/baltazarbudapest.com\/wp-content\/uploads\/2024\/10\/boutique-hotel-budapest-1.mp4&#8243; _builder_version=&#8221;4.27.3&#8243; _module_preset=&#8221;default&#8221; global_colors_info=&#8221;{}&#8221; theme_builder_area=&#8221;post_content&#8221;][\/et_pb_video][et_pb_video src=&#8221;https:\/\/baltazarbudapest.com\/wp-content\/uploads\/2024\/10\/boutique-hotel-budapest.mp4&#8243; _builder_version=&#8221;4.27.3&#8243; _module_preset=&#8221;default&#8221; global_colors_info=&#8221;{}&#8221; theme_builder_area=&#8221;post_content&#8221;][\/et_pb_video][et_pb_video src=&#8221;https:\/\/baltazarbudapest.com\/wp-content\/uploads\/2024\/03\/boutique-hotel-budapest.mp4&#8243; _builder_version=&#8221;4.27.3&#8243; _module_preset=&#8221;default&#8221; global_colors_info=&#8221;{}&#8221; theme_builder_area=&#8221;post_content&#8221;][\/et_pb_video][\/et_pb_column][\/et_pb_row][\/et_pb_section][et_pb_section fb_built=&#8221;1&#8243; admin_label=&#8221;NEON &#8211; Find out more&#8221; module_class=&#8221;hi-sixbox&#8221; _builder_version=&#8221;4.22.2&#8243; _module_preset=&#8221;default&#8221; background_image=&#8221;https:\/\/baltazarbudapest.com\/wp-content\/uploads\/2023\/10\/cactus.png&#8221; collapsed=&#8221;off&#8221; global_colors_info=&#8221;{}&#8221;][et_pb_row admin_label=&#8221;hi-sixboxtop&#8221; module_class=&#8221;hi-sixboxtop&#8221; _builder_version=&#8221;4.22.2&#8243; _module_preset=&#8221;default&#8221; collapsed=&#8221;off&#8221; global_colors_info=&#8221;{}&#8221;][et_pb_column type=&#8221;4_4&#8243; _builder_version=&#8221;4.22.2&#8243; _module_preset=&#8221;default&#8221; global_colors_info=&#8221;{}&#8221;][et_pb_text admin_label=&#8221;Title&#8221; module_class=&#8221;hi-sixbox-title&#8221; _builder_version=&#8221;4.22.2&#8243; _module_preset=&#8221;default&#8221; text_font=&#8221;BaligScript||||||||&#8221; global_colors_info=&#8221;{}&#8221;]<\/p>\n<h2>Find out more<\/h2>\n<p>[\/et_pb_text][et_pb_button button_text=&#8221;H\u00edrek&#8221; admin_label=&#8221;H\u00edrek gomb &#8211; glob\u00e1lis&#8221; module_class=&#8221;hi-button&#8221; _builder_version=&#8221;4.27.3&#8243; _module_preset=&#8221;default&#8221; global_module=&#8221;1958&#8243; saved_tabs=&#8221;all&#8221; global_colors_info=&#8221;{}&#8221;][\/et_pb_button][\/et_pb_column][\/et_pb_row][et_pb_row column_structure=&#8221;1_6,1_6,1_6,1_6,1_6,1_6&#8243; disabled_on=&#8221;on|on|on&#8221; admin_label=&#8221;hi-sixbox-images&#8221; module_class=&#8221;hi-sixbox-images&#8221; _builder_version=&#8221;4.22.2&#8243; _module_preset=&#8221;default&#8221; disabled=&#8221;on&#8221; collapsed=&#8221;on&#8221; global_colors_info=&#8221;{}&#8221;][et_pb_column type=&#8221;1_6&#8243; _builder_version=&#8221;4.22.2&#8243; _module_preset=&#8221;default&#8221; global_colors_info=&#8221;{}&#8221;][et_pb_image src=&#8221;https:\/\/baltazarbudapest.com\/wp-content\/uploads\/2023\/10\/6box-forbes-1.png&#8221; title_text=&#8221;6box-forbes&#8221; url=&#8221;https:\/\/www.forbes.hu&#8221; url_new_window=&#8221;on&#8221; _builder_version=&#8221;4.22.2&#8243; _module_preset=&#8221;default&#8221; global_colors_info=&#8221;{}&#8221;][\/et_pb_image][\/et_pb_column][et_pb_column type=&#8221;1_6&#8243; _builder_version=&#8221;4.22.2&#8243; _module_preset=&#8221;default&#8221; global_colors_info=&#8221;{}&#8221;][et_pb_image src=&#8221;https:\/\/baltazarbudapest.com\/wp-content\/uploads\/2023\/10\/6box-michelin-guide-1.png&#8221; title_text=&#8221;6box-michelin-guide&#8221; url=&#8221;https:\/\/guide.michelin.com\/en\/hu\/central-hungary\/budapest\/&#8221; url_new_window=&#8221;on&#8221; _builder_version=&#8221;4.22.2&#8243; _module_preset=&#8221;default&#8221; global_colors_info=&#8221;{}&#8221;][\/et_pb_image][\/et_pb_column][et_pb_column type=&#8221;1_6&#8243; _builder_version=&#8221;4.22.2&#8243; _module_preset=&#8221;default&#8221; global_colors_info=&#8221;{}&#8221;][et_pb_image src=&#8221;https:\/\/baltazarbudapest.com\/wp-content\/uploads\/2023\/10\/6box-designboom-1.png&#8221; title_text=&#8221;6box-designboom&#8221; url=&#8221;https:\/\/www.designboom.com\/tag\/architecture-in-hungary\/&#8221; url_new_window=&#8221;on&#8221; _builder_version=&#8221;4.22.2&#8243; _module_preset=&#8221;default&#8221; global_colors_info=&#8221;{}&#8221;][\/et_pb_image][\/et_pb_column][et_pb_column type=&#8221;1_6&#8243; _builder_version=&#8221;4.22.2&#8243; _module_preset=&#8221;default&#8221; global_colors_info=&#8221;{}&#8221;][et_pb_image src=&#8221;https:\/\/baltazarbudapest.com\/wp-content\/uploads\/2023\/10\/6box-tripadvisor-1.png&#8221; title_text=&#8221;6box-tripadvisor&#8221; url=&#8221;https:\/\/www.tripadvisor.com\/Tourism-g274887-Budapest_Central_Hungary-Vacations.html&#8221; url_new_window=&#8221;on&#8221; _builder_version=&#8221;4.22.2&#8243; _module_preset=&#8221;default&#8221; global_colors_info=&#8221;{}&#8221;][\/et_pb_image][\/et_pb_column][et_pb_column type=&#8221;1_6&#8243; _builder_version=&#8221;4.22.2&#8243; _module_preset=&#8221;default&#8221; global_colors_info=&#8221;{}&#8221;][et_pb_image src=&#8221;https:\/\/baltazarbudapest.com\/wp-content\/uploads\/2023\/10\/6box-vogue-1.png&#8221; title_text=&#8221;6box-vogue&#8221; url=&#8221;https:\/\/www.vogue.com\/magazine&#8221; url_new_window=&#8221;on&#8221; _builder_version=&#8221;4.22.2&#8243; _module_preset=&#8221;default&#8221; global_colors_info=&#8221;{}&#8221;][\/et_pb_image][\/et_pb_column][et_pb_column type=&#8221;1_6&#8243; _builder_version=&#8221;4.22.2&#8243; _module_preset=&#8221;default&#8221; global_colors_info=&#8221;{}&#8221;][et_pb_image src=&#8221;https:\/\/baltazarbudapest.com\/wp-content\/uploads\/2023\/10\/6box-wallpaper-1.png&#8221; title_text=&#8221;6box-wallpaper&#8221; url=&#8221;https:\/\/www.wallpaper.com\/&#8221; url_new_window=&#8221;on&#8221; _builder_version=&#8221;4.22.2&#8243; _module_preset=&#8221;default&#8221; global_colors_info=&#8221;{}&#8221;][\/et_pb_image][\/et_pb_column][\/et_pb_row][\/et_pb_section]<\/p>\n","protected":false},"excerpt":{"rendered":"<p>GALLERY As one crosses the doorstep of our welcoming and stylish boutique hotelsin the heart of Castle district, he will find himself wrapped in a warm,out-of-time atmosphere where travellers from all over the world may entrust to the friendly cares of the staff and find singular experience. Baltaz\u00e1r Life Rooms Suites Dining Video Find out more<\/p>\n","protected":false},"author":1,"featured_media":0,"parent":0,"menu_order":0,"comment_status":"closed","ping_status":"closed","template":"","meta":{"_acf_changed":false,"_et_pb_use_builder":"on","_et_pb_old_content":"","_et_gb_content_width":"","footnotes":""},"class_list":["post-1863","page","type-page","status-publish","hentry"],"acf":[],"yoast_head":"<!-- This site is optimized with the Yoast SEO plugin v27.3 - https:\/\/yoast.com\/product\/yoast-seo-wordpress\/ -->\n<title>Gal\u00e9ria - Balthazar Hotel<\/title>\n<meta name=\"robots\" content=\"index, follow, max-snippet:-1, max-image-preview:large, max-video-preview:-1\" \/>\n<link rel=\"canonical\" href=\"https:\/\/baltazarbudapest.com\/hu\/galeria\/\" \/>\n<meta property=\"og:locale\" content=\"hu_HU\" \/>\n<meta property=\"og:type\" content=\"article\" \/>\n<meta property=\"og:title\" content=\"Gal\u00e9ria - Balthazar Hotel\" \/>\n<meta property=\"og:description\" content=\"GALLERY As one crosses the doorstep of our welcoming and stylish boutique hotelsin the heart of Castle district, he will find himself wrapped in a warm,out-of-time atmosphere where travellers from all over the world may entrust to the friendly cares of the staff and find singular experience. Baltaz\u00e1r Life Rooms Suites Dining Video Find out more\" \/>\n<meta property=\"og:url\" content=\"https:\/\/baltazarbudapest.com\/hu\/galeria\/\" \/>\n<meta property=\"og:site_name\" content=\"Balthazar Hotel\" \/>\n<meta property=\"article:modified_time\" content=\"2025-01-30T10:53:34+00:00\" \/>\n<meta name=\"twitter:card\" content=\"summary_large_image\" \/>\n<meta name=\"twitter:label1\" content=\"Becs\u00fclt olvas\u00e1si id\u0151\" \/>\n\t<meta name=\"twitter:data1\" content=\"8 perc\" \/>\n<script type=\"application\/ld+json\" class=\"yoast-schema-graph\">{\"@context\":\"https:\\\/\\\/schema.org\",\"@graph\":[{\"@type\":\"WebPage\",\"@id\":\"https:\\\/\\\/baltazarbudapest.com\\\/hu\\\/galeria\\\/\",\"url\":\"https:\\\/\\\/baltazarbudapest.com\\\/hu\\\/galeria\\\/\",\"name\":\"Gal\u00e9ria - Balthazar Hotel\",\"isPartOf\":{\"@id\":\"https:\\\/\\\/baltazarbudapest.com\\\/#website\"},\"datePublished\":\"2023-10-30T12:48:10+00:00\",\"dateModified\":\"2025-01-30T10:53:34+00:00\",\"inLanguage\":\"hu\",\"potentialAction\":[{\"@type\":\"ReadAction\",\"target\":[\"https:\\\/\\\/baltazarbudapest.com\\\/hu\\\/galeria\\\/\"]}]},{\"@type\":\"WebSite\",\"@id\":\"https:\\\/\\\/baltazarbudapest.com\\\/#website\",\"url\":\"https:\\\/\\\/baltazarbudapest.com\\\/\",\"name\":\"Balthazar Hotel\",\"description\":\"\",\"potentialAction\":[{\"@type\":\"SearchAction\",\"target\":{\"@type\":\"EntryPoint\",\"urlTemplate\":\"https:\\\/\\\/baltazarbudapest.com\\\/?s={search_term_string}\"},\"query-input\":{\"@type\":\"PropertyValueSpecification\",\"valueRequired\":true,\"valueName\":\"search_term_string\"}}],\"inLanguage\":\"hu\"}]}<\/script>\n<!-- \/ Yoast SEO plugin. -->","yoast_head_json":{"title":"Gal\u00e9ria - Balthazar Hotel","robots":{"index":"index","follow":"follow","max-snippet":"max-snippet:-1","max-image-preview":"max-image-preview:large","max-video-preview":"max-video-preview:-1"},"canonical":"https:\/\/baltazarbudapest.com\/hu\/galeria\/","og_locale":"hu_HU","og_type":"article","og_title":"Gal\u00e9ria - Balthazar Hotel","og_description":"GALLERY As one crosses the doorstep of our welcoming and stylish boutique hotelsin the heart of Castle district, he will find himself wrapped in a warm,out-of-time atmosphere where travellers from all over the world may entrust to the friendly cares of the staff and find singular experience. Baltaz\u00e1r Life Rooms Suites Dining Video Find out more","og_url":"https:\/\/baltazarbudapest.com\/hu\/galeria\/","og_site_name":"Balthazar Hotel","article_modified_time":"2025-01-30T10:53:34+00:00","twitter_card":"summary_large_image","twitter_misc":{"Becs\u00fclt olvas\u00e1si id\u0151":"8 perc"},"schema":{"@context":"https:\/\/schema.org","@graph":[{"@type":"WebPage","@id":"https:\/\/baltazarbudapest.com\/hu\/galeria\/","url":"https:\/\/baltazarbudapest.com\/hu\/galeria\/","name":"Gal\u00e9ria - Balthazar Hotel","isPartOf":{"@id":"https:\/\/baltazarbudapest.com\/#website"},"datePublished":"2023-10-30T12:48:10+00:00","dateModified":"2025-01-30T10:53:34+00:00","inLanguage":"hu","potentialAction":[{"@type":"ReadAction","target":["https:\/\/baltazarbudapest.com\/hu\/galeria\/"]}]},{"@type":"WebSite","@id":"https:\/\/baltazarbudapest.com\/#website","url":"https:\/\/baltazarbudapest.com\/","name":"Balthazar Hotel","description":"","potentialAction":[{"@type":"SearchAction","target":{"@type":"EntryPoint","urlTemplate":"https:\/\/baltazarbudapest.com\/?s={search_term_string}"},"query-input":{"@type":"PropertyValueSpecification","valueRequired":true,"valueName":"search_term_string"}}],"inLanguage":"hu"}]}},"_links":{"self":[{"href":"https:\/\/baltazarbudapest.com\/hu\/wp-json\/wp\/v2\/pages\/1863","targetHints":{"allow":["GET"]}}],"collection":[{"href":"https:\/\/baltazarbudapest.com\/hu\/wp-json\/wp\/v2\/pages"}],"about":[{"href":"https:\/\/baltazarbudapest.com\/hu\/wp-json\/wp\/v2\/types\/page"}],"author":[{"embeddable":true,"href":"https:\/\/baltazarbudapest.com\/hu\/wp-json\/wp\/v2\/users\/1"}],"replies":[{"embeddable":true,"href":"https:\/\/baltazarbudapest.com\/hu\/wp-json\/wp\/v2\/comments?post=1863"}],"version-history":[{"count":7,"href":"https:\/\/baltazarbudapest.com\/hu\/wp-json\/wp\/v2\/pages\/1863\/revisions"}],"predecessor-version":[{"id":2009,"href":"https:\/\/baltazarbudapest.com\/hu\/wp-json\/wp\/v2\/pages\/1863\/revisions\/2009"}],"wp:attachment":[{"href":"https:\/\/baltazarbudapest.com\/hu\/wp-json\/wp\/v2\/media?parent=1863"}],"curies":[{"name":"wp","href":"https:\/\/api.w.org\/{rel}","templated":true}]}}