{"id":1866,"date":"2023-11-03T09:09:55","date_gmt":"2023-11-03T08:09:55","guid":{"rendered":"https:\/\/baltazarbudapest.com\/offers\/"},"modified":"2025-04-10T14:08:52","modified_gmt":"2025-04-10T12:08:52","slug":"ajanlatok","status":"publish","type":"page","link":"https:\/\/baltazarbudapest.com\/hu\/ajanlatok\/","title":{"rendered":"Aj\u00e1nlatok"},"content":{"rendered":"<p>[et_pb_section fb_built=&#8221;1&#8243; admin_label=&#8221;Nyit\u00f3szakasz + hi-main-right&#8221; module_id=&#8221;hi-main&#8221; module_class=&#8221;hi-main-right&#8221; _builder_version=&#8221;4.24.2&#8243; _module_preset=&#8221;default&#8221; collapsed=&#8221;off&#8221; global_colors_info=&#8221;{}&#8221;][et_pb_row column_structure=&#8221;1_2,1_2&#8243; make_equal=&#8221;on&#8221; _builder_version=&#8221;4.24.2&#8243; _module_preset=&#8221;default&#8221; custom_margin=&#8221;0px|0px|0px|0px|false|false&#8221; custom_padding=&#8221;0px|0px|0px|0px|false|false&#8221; global_colors_info=&#8221;{}&#8221;][et_pb_column type=&#8221;1_2&#8243; _builder_version=&#8221;4.22.2&#8243; _module_preset=&#8221;default&#8221; global_colors_info=&#8221;{}&#8221;][et_pb_slider module_class=&#8221;hi-lapozo&#8221; _builder_version=&#8221;4.27.3&#8243; _module_preset=&#8221;default&#8221; animation_style=&#8221;slide&#8221; saved_tabs=&#8221;all&#8221; global_colors_info=&#8221;{}&#8221;][et_pb_slide image=&#8221;https:\/\/baltazarbudapest.com\/wp-content\/uploads\/2024\/11\/baltazar_offers_boutique_hotel-scaled.jpg&#8221; admin_title=&#8221;kismotor&#8221; _builder_version=&#8221;4.27.3&#8243; _module_preset=&#8221;default&#8221; global_colors_info=&#8221;{}&#8221; sticky_transition=&#8221;on&#8221;][\/et_pb_slide][\/et_pb_slider][\/et_pb_column][et_pb_column type=&#8221;1_2&#8243; _builder_version=&#8221;4.22.2&#8243; _module_preset=&#8221;default&#8221; global_colors_info=&#8221;{}&#8221;][et_pb_text module_id=&#8221;hi-maintext&#8221; _builder_version=&#8221;4.27.3&#8243; _module_preset=&#8221;default&#8221; text_font=&#8221;BebasNeueBook||||||||&#8221; header_font=&#8221;GeometricSlabserif||||||||&#8221; header_2_font=&#8221;GeometricSlabserif||||||||&#8221; header_3_font=&#8221;BebasNeueBook||||||||&#8221; background_image=&#8221;https:\/\/baltazarbudapest.com\/wp-content\/uploads\/2023\/10\/baltazar-logo-in-text.png&#8221; global_colors_info=&#8221;{}&#8221;]<\/p>\n<h2>AJ\u00c1NLATOK<\/h2>\n<h3>Eml\u00e9kezetes kikapcsol\u00f3d\u00e1s<\/h3>\n<p>[\/et_pb_text][\/et_pb_column][\/et_pb_row][\/et_pb_section][et_pb_section fb_built=&#8221;1&#8243; admin_label=&#8221;Fejl\u00e9c alatti sz\u00f6veg&#8221; module_id=&#8221;main-textbox&#8221; module_class=&#8221;hi-textbox&#8221; _builder_version=&#8221;4.22.2&#8243; _module_preset=&#8221;default&#8221; collapsed=&#8221;off&#8221; global_colors_info=&#8221;{}&#8221;][et_pb_row _builder_version=&#8221;4.24.2&#8243; _module_preset=&#8221;default&#8221; global_colors_info=&#8221;{}&#8221;][et_pb_column type=&#8221;4_4&#8243; _builder_version=&#8221;4.22.2&#8243; _module_preset=&#8221;default&#8221; global_colors_info=&#8221;{}&#8221;][et_pb_text admin_label=&#8221;Lorem ipsum dolor sit amet, consectetur adipiscing elit.&#8221; _builder_version=&#8221;4.27.3&#8243; _module_preset=&#8221;default&#8221; global_colors_info=&#8221;{}&#8221;]<\/p>\n<h2>Szob\u00e1ink mind eredeti vintage \u00e9s modern b\u00fatorokkal vannak berendezve, k\u00e9zzel k\u00e9sz\u00edtett helyi m\u00e9szk\u0151b\u0151l k\u00e9sz\u00fclt f\u00fcrd\u0151szob\u00e1kkal kieg\u00e9sz\u00edtve, amelyeket egyedi k\u00e9nyelmi szolg\u00e1ltat\u00e1sok \u00e9s modern technol\u00f3gia tesz teljess\u00e9.<\/h2>\n<p>[\/et_pb_text][\/et_pb_column][\/et_pb_row][\/et_pb_section][et_pb_section fb_built=&#8221;1&#8243; admin_label=&#8221;BLOCKTITLE &#8211; Book directly + hi-blocktitle-flatter&#8221; module_class=&#8221;hi-blocktitle hi-blocktitle-flatter&#8221; _builder_version=&#8221;4.22.2&#8243; _module_preset=&#8221;default&#8221; collapsed=&#8221;off&#8221; global_colors_info=&#8221;{}&#8221;][et_pb_row _builder_version=&#8221;4.22.2&#8243; _module_preset=&#8221;default&#8221; global_colors_info=&#8221;{}&#8221;][et_pb_column type=&#8221;4_4&#8243; _builder_version=&#8221;4.22.2&#8243; _module_preset=&#8221;default&#8221; global_colors_info=&#8221;{}&#8221;][et_pb_text _builder_version=&#8221;4.27.3&#8243; _module_preset=&#8221;default&#8221; global_colors_info=&#8221;{}&#8221;]<\/p>\n<h2>FOGLALJON K\u00d6ZVETLEN\u00dcL<\/h2>\n<p>[\/et_pb_text][\/et_pb_column][\/et_pb_row][\/et_pb_section][et_pb_section fb_built=&#8221;1&#8243; admin_label=&#8221;Nagyk\u00e9p\u0171 lapoz\u00f3 + hi-lapozo-hordozo-right + hi-lapozo-hordozo-onmobileleft&#8221; module_class=&#8221;hi-lapozo-hordozo hi-lapozo-hordozo-right hi-lapozo-hordozo-onmobileleft&#8221; _builder_version=&#8221;4.27.4&#8243; _module_preset=&#8221;default&#8221; hover_enabled=&#8221;0&#8243; collapsed=&#8221;off&#8221; global_colors_info=&#8221;{}&#8221; sticky_enabled=&#8221;0&#8243;][et_pb_row _builder_version=&#8221;4.22.2&#8243; _module_preset=&#8221;default&#8221; hover_enabled=&#8221;0&#8243; global_colors_info=&#8221;{}&#8221; sticky_enabled=&#8221;0&#8243;][et_pb_column type=&#8221;4_4&#8243; _builder_version=&#8221;4.22.2&#8243; _module_preset=&#8221;default&#8221; global_colors_info=&#8221;{}&#8221;][et_pb_text admin_label=&#8221;Sz\u00f6veg &#8211; Best Rate&#8221; _builder_version=&#8221;4.27.4&#8243; _module_preset=&#8221;default&#8221; hover_enabled=&#8221;0&#8243; global_colors_info=&#8221;{}&#8221; sticky_enabled=&#8221;0&#8243;]<\/p>\n<h3><strong>LEGJOBB \u00c1R<br \/><\/strong><\/h3>\n<h5>Foglaljon k\u00f6zvetlen\u00fcl n\u00e1lunk a legjobb el\u00e9rhet\u0151 \u00e1r\u00e9rt \u00e9s exkluz\u00edv kedvezm\u00e9nyek\u00e9rt! <\/h5>\n<h3><strong>TAGOKNAK SZ\u00d3L\u00d3 KEDVEZM\u00c9NY<br \/><\/strong><\/h3>\n<h5>\u00c9lvezze az exkluz\u00edv megtakar\u00edt\u00e1sokat k\u00fcl\u00f6nleges tagi \u00e1runkkal \u2013 csatlakozzon hozz\u00e1nk tov\u00e1bbi el\u0151ny\u00f6k\u00e9rt!<\/h5>\n<h4><a href=\"https:\/\/www.secure-hotel-booking.com\/zsidai-hotels\/J23L\/hu-HU\/dateselection?guestCountSelector=ReadOnly&amp;selectedAdultCount=2&amp;sid=1b6ed02a-fd68-485c-8749-802f35aa3723\">Foglaljon most<\/a><\/h4>\n<p>[\/et_pb_text][et_pb_slider module_class=&#8221;hi-lapozo&#8221; _builder_version=&#8221;4.24.2&#8243; _module_preset=&#8221;default&#8221; animation_style=&#8221;slide&#8221; saved_tabs=&#8221;all&#8221; global_colors_info=&#8221;{}&#8221;][et_pb_slide image=&#8221;https:\/\/baltazarbudapest.com\/wp-content\/uploads\/2023\/10\/bright-room.png&#8221; admin_title=&#8221;nappali&#8221; _builder_version=&#8221;4.22.2&#8243; _module_preset=&#8221;default&#8221; global_colors_info=&#8221;{}&#8221; sticky_transition=&#8221;on&#8221;][\/et_pb_slide][et_pb_slide image=&#8221;https:\/\/baltazarbudapest.com\/wp-content\/uploads\/2023\/10\/breakfast.png&#8221; admin_title=&#8221;reggeli&#8221; _builder_version=&#8221;4.22.2&#8243; _module_preset=&#8221;default&#8221; global_colors_info=&#8221;{}&#8221; sticky_transition=&#8221;on&#8221;][\/et_pb_slide][et_pb_slide image=&#8221;https:\/\/baltazarbudapest.com\/wp-content\/uploads\/2023\/10\/double-bed-room.png&#8221; admin_title=&#8221;francia\u00e1gyas szoba&#8221; _builder_version=&#8221;4.22.2&#8243; _module_preset=&#8221;default&#8221; global_colors_info=&#8221;{}&#8221; sticky_transition=&#8221;on&#8221;][\/et_pb_slide][\/et_pb_slider][\/et_pb_column][\/et_pb_row][\/et_pb_section][et_pb_section fb_built=&#8221;1&#8243; admin_label=&#8221;MEMBER RATE + hi-memberrate-framed&#8221; module_id=&#8221;hi-memberrate&#8221; module_class=&#8221;hi-memberrate-framed&#8221; _builder_version=&#8221;4.24.2&#8243; _module_preset=&#8221;default&#8221; collapsed=&#8221;on&#8221; global_colors_info=&#8221;{}&#8221;][et_pb_row column_structure=&#8221;1_2,1_2&#8243; _builder_version=&#8221;4.22.2&#8243; _module_preset=&#8221;default&#8221; global_colors_info=&#8221;{}&#8221;][et_pb_column type=&#8221;1_2&#8243; _builder_version=&#8221;4.22.2&#8243; _module_preset=&#8221;default&#8221; global_colors_info=&#8221;{}&#8221;][et_pb_text admin_label=&#8221;Title&#8221; _builder_version=&#8221;4.22.2&#8243; _module_preset=&#8221;default&#8221; global_colors_info=&#8221;{}&#8221;]<\/p>\n<h2>Member rate<\/h2>\n<p>[\/et_pb_text][\/et_pb_column][et_pb_column type=&#8221;1_2&#8243; _builder_version=&#8221;4.22.2&#8243; _module_preset=&#8221;default&#8221; global_colors_info=&#8221;{}&#8221;][et_pb_text admin_label=&#8221;Input&#8221; _builder_version=&#8221;4.22.2&#8243; _module_preset=&#8221;default&#8221; global_colors_info=&#8221;{}&#8221;]<\/p>\n<form method=\"GET\" action=\"https:\/\/www.secure-hotel-booking.com\/zsidai-hotels\/J23L\/en-US\/dateselection?guestCountSelector=ReadOnly&selectedAdultCount=2\" target=\"_blank\"><input id=\"memberratecode\" type=\"text\" name=\"code\" placeholder=\"BPROCKS\" value=\"BPROCKS\" \/><div class=\"hi-mrbh\"><button type=\"submit\" class=\"wpcf7-form-control wpcf7-submit has-spinner et_pb_button et_pb_bg_layout_light hi-memberratebutton\" name=\"go\">Send<\/button><\/div><\/form>\n<p>[\/et_pb_text][\/et_pb_column][\/et_pb_row][\/et_pb_section][et_pb_section fb_built=&#8221;1&#8243; admin_label=&#8221;NEON &#8211; Hotel Service&#8221; module_class=&#8221;hi-sixbox hi-sibox-bright&#8221; _builder_version=&#8221;4.22.2&#8243; _module_preset=&#8221;default&#8221; background_image=&#8221;https:\/\/baltazarbudapest.com\/wp-content\/uploads\/2023\/11\/room-at-night.png&#8221; collapsed=&#8221;off&#8221; global_colors_info=&#8221;{}&#8221;][et_pb_row admin_label=&#8221;hi-sixboxtop&#8221; module_class=&#8221;hi-sixboxtop&#8221; _builder_version=&#8221;4.27.3&#8243; _module_preset=&#8221;default&#8221; collapsed=&#8221;off&#8221; global_colors_info=&#8221;{}&#8221;][et_pb_column type=&#8221;4_4&#8243; _builder_version=&#8221;4.22.2&#8243; _module_preset=&#8221;default&#8221; global_colors_info=&#8221;{}&#8221;][et_pb_text admin_label=&#8221;Title&#8221; module_class=&#8221;hi-sixbox-title&#8221; _builder_version=&#8221;4.27.3&#8243; _module_preset=&#8221;default&#8221; text_font=&#8221;BaligScript||||||||&#8221; global_colors_info=&#8221;{}&#8221;]<\/p>\n<h2>Hotel Service<\/h2>\n<p>[\/et_pb_text][et_pb_button button_text=&#8221;H\u00edrek&#8221; admin_label=&#8221;H\u00edrek gomb &#8211; glob\u00e1lis&#8221; module_class=&#8221;hi-button&#8221; _builder_version=&#8221;4.27.3&#8243; _module_preset=&#8221;default&#8221; global_module=&#8221;1958&#8243; saved_tabs=&#8221;all&#8221; global_colors_info=&#8221;{}&#8221;][\/et_pb_button][\/et_pb_column][\/et_pb_row][et_pb_row column_structure=&#8221;1_6,1_6,1_6,1_6,1_6,1_6&#8243; disabled_on=&#8221;on|on|on&#8221; admin_label=&#8221;hi-sixbox-images&#8221; module_class=&#8221;hi-sixbox-images&#8221; _builder_version=&#8221;4.22.2&#8243; _module_preset=&#8221;default&#8221; disabled=&#8221;on&#8221; collapsed=&#8221;on&#8221; global_colors_info=&#8221;{}&#8221;][et_pb_column type=&#8221;1_6&#8243; _builder_version=&#8221;4.22.2&#8243; _module_preset=&#8221;default&#8221; global_colors_info=&#8221;{}&#8221;][et_pb_image src=&#8221;https:\/\/baltazarbudapest.com\/wp-content\/uploads\/2023\/10\/6box-forbes-1.png&#8221; title_text=&#8221;6box-forbes&#8221; url=&#8221;https:\/\/www.forbes.hu&#8221; url_new_window=&#8221;on&#8221; _builder_version=&#8221;4.22.2&#8243; _module_preset=&#8221;default&#8221; global_colors_info=&#8221;{}&#8221;][\/et_pb_image][\/et_pb_column][et_pb_column type=&#8221;1_6&#8243; _builder_version=&#8221;4.22.2&#8243; _module_preset=&#8221;default&#8221; global_colors_info=&#8221;{}&#8221;][et_pb_image src=&#8221;https:\/\/baltazarbudapest.com\/wp-content\/uploads\/2023\/10\/6box-michelin-guide-1.png&#8221; title_text=&#8221;6box-michelin-guide&#8221; url=&#8221;https:\/\/guide.michelin.com\/en\/hu\/central-hungary\/budapest\/&#8221; url_new_window=&#8221;on&#8221; _builder_version=&#8221;4.22.2&#8243; _module_preset=&#8221;default&#8221; global_colors_info=&#8221;{}&#8221;][\/et_pb_image][\/et_pb_column][et_pb_column type=&#8221;1_6&#8243; _builder_version=&#8221;4.22.2&#8243; _module_preset=&#8221;default&#8221; global_colors_info=&#8221;{}&#8221;][et_pb_image src=&#8221;https:\/\/baltazarbudapest.com\/wp-content\/uploads\/2023\/10\/6box-designboom-1.png&#8221; title_text=&#8221;6box-designboom&#8221; url=&#8221;https:\/\/www.designboom.com\/tag\/architecture-in-hungary\/&#8221; url_new_window=&#8221;on&#8221; _builder_version=&#8221;4.22.2&#8243; _module_preset=&#8221;default&#8221; global_colors_info=&#8221;{}&#8221;][\/et_pb_image][\/et_pb_column][et_pb_column type=&#8221;1_6&#8243; _builder_version=&#8221;4.22.2&#8243; _module_preset=&#8221;default&#8221; global_colors_info=&#8221;{}&#8221;][et_pb_image src=&#8221;https:\/\/baltazarbudapest.com\/wp-content\/uploads\/2023\/10\/6box-tripadvisor-1.png&#8221; title_text=&#8221;6box-tripadvisor&#8221; url=&#8221;https:\/\/www.tripadvisor.com\/Tourism-g274887-Budapest_Central_Hungary-Vacations.html&#8221; url_new_window=&#8221;on&#8221; _builder_version=&#8221;4.22.2&#8243; _module_preset=&#8221;default&#8221; global_colors_info=&#8221;{}&#8221;][\/et_pb_image][\/et_pb_column][et_pb_column type=&#8221;1_6&#8243; _builder_version=&#8221;4.22.2&#8243; _module_preset=&#8221;default&#8221; global_colors_info=&#8221;{}&#8221;][et_pb_image src=&#8221;https:\/\/baltazarbudapest.com\/wp-content\/uploads\/2023\/10\/6box-vogue-1.png&#8221; title_text=&#8221;6box-vogue&#8221; url=&#8221;https:\/\/www.vogue.com\/magazine&#8221; url_new_window=&#8221;on&#8221; _builder_version=&#8221;4.22.2&#8243; _module_preset=&#8221;default&#8221; global_colors_info=&#8221;{}&#8221;][\/et_pb_image][\/et_pb_column][et_pb_column type=&#8221;1_6&#8243; _builder_version=&#8221;4.22.2&#8243; _module_preset=&#8221;default&#8221; global_colors_info=&#8221;{}&#8221;][et_pb_image src=&#8221;https:\/\/baltazarbudapest.com\/wp-content\/uploads\/2023\/10\/6box-wallpaper-1.png&#8221; title_text=&#8221;6box-wallpaper&#8221; url=&#8221;https:\/\/www.wallpaper.com\/&#8221; url_new_window=&#8221;on&#8221; _builder_version=&#8221;4.22.2&#8243; _module_preset=&#8221;default&#8221; global_colors_info=&#8221;{}&#8221;][\/et_pb_image][\/et_pb_column][\/et_pb_row][\/et_pb_section]<\/p>\n","protected":false},"excerpt":{"rendered":"<p>AJ\u00c1NLATOK Eml\u00e9kezetes kikapcsol\u00f3d\u00e1sSzob\u00e1ink mind eredeti vintage \u00e9s modern b\u00fatorokkal vannak berendezve, k\u00e9zzel k\u00e9sz\u00edtett helyi m\u00e9szk\u0151b\u0151l k\u00e9sz\u00fclt f\u00fcrd\u0151szob\u00e1kkal kieg\u00e9sz\u00edtve, amelyeket egyedi k\u00e9nyelmi szolg\u00e1ltat\u00e1sok \u00e9s modern technol\u00f3gia tesz teljess\u00e9.FOGLALJON K\u00d6ZVETLEN\u00dcLLEGJOBB \u00c1R Foglaljon k\u00f6zvetlen\u00fcl n\u00e1lunk a legjobb el\u00e9rhet\u0151 \u00e1r\u00e9rt \u00e9s exkluz\u00edv kedvezm\u00e9nyek\u00e9rt! TAGOKNAK SZ\u00d3L\u00d3 KEDVEZM\u00c9NY \u00c9lvezze az exkluz\u00edv megtakar\u00edt\u00e1sokat k\u00fcl\u00f6nleges tagi \u00e1runkkal \u2013 csatlakozzon hozz\u00e1nk tov\u00e1bbi el\u0151ny\u00f6k\u00e9rt! Foglaljon mostMember rate<form method=\"GET\" action=\"https:\/\/www.secure-hotel-booking.com\/zsidai-hotels\/J23L\/en-US\/dateselection?guestCountSelector=ReadOnly&selectedAdultCount=2\" target=\"_blank\"><input id=\"memberratecode\" type=\"text\" name=\"code\" placeholder=\"BPROCKS\" value=\"BPROCKS\" \/><div class=\"hi-mrbh\"><button type=\"submit\" class=\"wpcf7-form-control wpcf7-submit has-spinner et_pb_button et_pb_bg_layout_light hi-memberratebutton\" name=\"go\">Send<\/button><\/div><\/form>Hotel Service<\/p>\n","protected":false},"author":1,"featured_media":0,"parent":0,"menu_order":0,"comment_status":"closed","ping_status":"closed","template":"","meta":{"_acf_changed":false,"_et_pb_use_builder":"on","_et_pb_old_content":"","_et_gb_content_width":"","footnotes":""},"class_list":["post-1866","page","type-page","status-publish","hentry"],"acf":[],"yoast_head":"<!-- This site is optimized with the Yoast SEO plugin v27.3 - https:\/\/yoast.com\/product\/yoast-seo-wordpress\/ -->\n<title>Aj\u00e1nlatok - Balthazar Hotel<\/title>\n<meta name=\"robots\" content=\"index, follow, max-snippet:-1, max-image-preview:large, max-video-preview:-1\" \/>\n<link rel=\"canonical\" href=\"https:\/\/baltazarbudapest.com\/hu\/ajanlatok\/\" \/>\n<meta property=\"og:locale\" content=\"hu_HU\" \/>\n<meta property=\"og:type\" content=\"article\" \/>\n<meta property=\"og:title\" content=\"Aj\u00e1nlatok - Balthazar Hotel\" \/>\n<meta property=\"og:description\" content=\"AJ\u00c1NLATOK Eml\u00e9kezetes kikapcsol\u00f3d\u00e1sSzob\u00e1ink mind eredeti vintage \u00e9s modern b\u00fatorokkal vannak berendezve, k\u00e9zzel k\u00e9sz\u00edtett helyi m\u00e9szk\u0151b\u0151l k\u00e9sz\u00fclt f\u00fcrd\u0151szob\u00e1kkal kieg\u00e9sz\u00edtve, amelyeket egyedi k\u00e9nyelmi szolg\u00e1ltat\u00e1sok \u00e9s modern technol\u00f3gia tesz teljess\u00e9.FOGLALJON K\u00d6ZVETLEN\u00dcLLEGJOBB \u00c1R Foglaljon k\u00f6zvetlen\u00fcl n\u00e1lunk a legjobb el\u00e9rhet\u0151 \u00e1r\u00e9rt \u00e9s exkluz\u00edv kedvezm\u00e9nyek\u00e9rt! TAGOKNAK SZ\u00d3L\u00d3 KEDVEZM\u00c9NY \u00c9lvezze az exkluz\u00edv megtakar\u00edt\u00e1sokat k\u00fcl\u00f6nleges tagi \u00e1runkkal \u2013 csatlakozzon hozz\u00e1nk tov\u00e1bbi el\u0151ny\u00f6k\u00e9rt! Foglaljon mostMember rateHotel Service\" \/>\n<meta property=\"og:url\" content=\"https:\/\/baltazarbudapest.com\/hu\/ajanlatok\/\" \/>\n<meta property=\"og:site_name\" content=\"Balthazar Hotel\" \/>\n<meta property=\"article:modified_time\" content=\"2025-04-10T12:08:52+00:00\" \/>\n<meta name=\"twitter:card\" content=\"summary_large_image\" \/>\n<meta name=\"twitter:label1\" content=\"Becs\u00fclt olvas\u00e1si id\u0151\" \/>\n\t<meta name=\"twitter:data1\" content=\"2 perc\" \/>\n<script type=\"application\/ld+json\" class=\"yoast-schema-graph\">{\"@context\":\"https:\\\/\\\/schema.org\",\"@graph\":[{\"@type\":\"WebPage\",\"@id\":\"https:\\\/\\\/baltazarbudapest.com\\\/hu\\\/ajanlatok\\\/\",\"url\":\"https:\\\/\\\/baltazarbudapest.com\\\/hu\\\/ajanlatok\\\/\",\"name\":\"Aj\u00e1nlatok - Balthazar Hotel\",\"isPartOf\":{\"@id\":\"https:\\\/\\\/baltazarbudapest.com\\\/#website\"},\"datePublished\":\"2023-11-03T08:09:55+00:00\",\"dateModified\":\"2025-04-10T12:08:52+00:00\",\"inLanguage\":\"hu\",\"potentialAction\":[{\"@type\":\"ReadAction\",\"target\":[\"https:\\\/\\\/baltazarbudapest.com\\\/hu\\\/ajanlatok\\\/\"]}]},{\"@type\":\"WebSite\",\"@id\":\"https:\\\/\\\/baltazarbudapest.com\\\/#website\",\"url\":\"https:\\\/\\\/baltazarbudapest.com\\\/\",\"name\":\"Balthazar Hotel\",\"description\":\"\",\"potentialAction\":[{\"@type\":\"SearchAction\",\"target\":{\"@type\":\"EntryPoint\",\"urlTemplate\":\"https:\\\/\\\/baltazarbudapest.com\\\/?s={search_term_string}\"},\"query-input\":{\"@type\":\"PropertyValueSpecification\",\"valueRequired\":true,\"valueName\":\"search_term_string\"}}],\"inLanguage\":\"hu\"}]}<\/script>\n<!-- \/ Yoast SEO plugin. -->","yoast_head_json":{"title":"Aj\u00e1nlatok - Balthazar Hotel","robots":{"index":"index","follow":"follow","max-snippet":"max-snippet:-1","max-image-preview":"max-image-preview:large","max-video-preview":"max-video-preview:-1"},"canonical":"https:\/\/baltazarbudapest.com\/hu\/ajanlatok\/","og_locale":"hu_HU","og_type":"article","og_title":"Aj\u00e1nlatok - Balthazar Hotel","og_description":"AJ\u00c1NLATOK Eml\u00e9kezetes kikapcsol\u00f3d\u00e1sSzob\u00e1ink mind eredeti vintage \u00e9s modern b\u00fatorokkal vannak berendezve, k\u00e9zzel k\u00e9sz\u00edtett helyi m\u00e9szk\u0151b\u0151l k\u00e9sz\u00fclt f\u00fcrd\u0151szob\u00e1kkal kieg\u00e9sz\u00edtve, amelyeket egyedi k\u00e9nyelmi szolg\u00e1ltat\u00e1sok \u00e9s modern technol\u00f3gia tesz teljess\u00e9.FOGLALJON K\u00d6ZVETLEN\u00dcLLEGJOBB \u00c1R Foglaljon k\u00f6zvetlen\u00fcl n\u00e1lunk a legjobb el\u00e9rhet\u0151 \u00e1r\u00e9rt \u00e9s exkluz\u00edv kedvezm\u00e9nyek\u00e9rt! TAGOKNAK SZ\u00d3L\u00d3 KEDVEZM\u00c9NY \u00c9lvezze az exkluz\u00edv megtakar\u00edt\u00e1sokat k\u00fcl\u00f6nleges tagi \u00e1runkkal \u2013 csatlakozzon hozz\u00e1nk tov\u00e1bbi el\u0151ny\u00f6k\u00e9rt! Foglaljon mostMember rateHotel Service","og_url":"https:\/\/baltazarbudapest.com\/hu\/ajanlatok\/","og_site_name":"Balthazar Hotel","article_modified_time":"2025-04-10T12:08:52+00:00","twitter_card":"summary_large_image","twitter_misc":{"Becs\u00fclt olvas\u00e1si id\u0151":"2 perc"},"schema":{"@context":"https:\/\/schema.org","@graph":[{"@type":"WebPage","@id":"https:\/\/baltazarbudapest.com\/hu\/ajanlatok\/","url":"https:\/\/baltazarbudapest.com\/hu\/ajanlatok\/","name":"Aj\u00e1nlatok - Balthazar Hotel","isPartOf":{"@id":"https:\/\/baltazarbudapest.com\/#website"},"datePublished":"2023-11-03T08:09:55+00:00","dateModified":"2025-04-10T12:08:52+00:00","inLanguage":"hu","potentialAction":[{"@type":"ReadAction","target":["https:\/\/baltazarbudapest.com\/hu\/ajanlatok\/"]}]},{"@type":"WebSite","@id":"https:\/\/baltazarbudapest.com\/#website","url":"https:\/\/baltazarbudapest.com\/","name":"Balthazar Hotel","description":"","potentialAction":[{"@type":"SearchAction","target":{"@type":"EntryPoint","urlTemplate":"https:\/\/baltazarbudapest.com\/?s={search_term_string}"},"query-input":{"@type":"PropertyValueSpecification","valueRequired":true,"valueName":"search_term_string"}}],"inLanguage":"hu"}]}},"_links":{"self":[{"href":"https:\/\/baltazarbudapest.com\/hu\/wp-json\/wp\/v2\/pages\/1866","targetHints":{"allow":["GET"]}}],"collection":[{"href":"https:\/\/baltazarbudapest.com\/hu\/wp-json\/wp\/v2\/pages"}],"about":[{"href":"https:\/\/baltazarbudapest.com\/hu\/wp-json\/wp\/v2\/types\/page"}],"author":[{"embeddable":true,"href":"https:\/\/baltazarbudapest.com\/hu\/wp-json\/wp\/v2\/users\/1"}],"replies":[{"embeddable":true,"href":"https:\/\/baltazarbudapest.com\/hu\/wp-json\/wp\/v2\/comments?post=1866"}],"version-history":[{"count":10,"href":"https:\/\/baltazarbudapest.com\/hu\/wp-json\/wp\/v2\/pages\/1866\/revisions"}],"predecessor-version":[{"id":2044,"href":"https:\/\/baltazarbudapest.com\/hu\/wp-json\/wp\/v2\/pages\/1866\/revisions\/2044"}],"wp:attachment":[{"href":"https:\/\/baltazarbudapest.com\/hu\/wp-json\/wp\/v2\/media?parent=1866"}],"curies":[{"name":"wp","href":"https:\/\/api.w.org\/{rel}","templated":true}]}}